{"id":3422,"date":"2023-11-03T12:41:24","date_gmt":"2023-11-03T11:41:24","guid":{"rendered":"https:\/\/bergdalahyttan.techmedia4you.se\/kontaktieren-sie-uns\/"},"modified":"2025-02-13T08:08:29","modified_gmt":"2025-02-13T07:08:29","slug":"kontaktieren-sie-uns","status":"publish","type":"page","link":"https:\/\/www.bergdalahyttan.se\/de\/kontaktieren-sie-uns\/","title":{"rendered":"Kontaktieren Sie uns"},"content":{"rendered":"<p>[et_pb_section fb_built=&#8220;1&#8243; admin_label=&#8220;Header&#8220; _builder_version=&#8220;4.20.0&#8243; _module_preset=&#8220;default&#8220; background_color=&#8220;gcid-67960745-cc0c-4d73-b86b-ef2d6023be78&#8243; custom_padding=&#8220;||2px|||&#8220; collapsed=&#8220;off&#8220; global_colors_info=&#8220;{%22gcid-67960745-cc0c-4d73-b86b-ef2d6023be78%22:%91%22background_color%22%93}&#8220;][et_pb_row column_structure=&#8220;3_5,2_5&#8243; make_equal=&#8220;on&#8220; _builder_version=&#8220;4.20.0&#8243; _module_preset=&#8220;default&#8220; custom_margin=&#8220;||0px||false|false&#8220; custom_padding=&#8220;||12px|||&#8220; global_colors_info=&#8220;{}&#8220;][et_pb_column type=&#8220;3_5&#8243; _builder_version=&#8220;4.20.0&#8243; _module_preset=&#8220;default&#8220; custom_padding=&#8220;60px||60px||true|false&#8220; custom_padding_tablet=&#8220;0px||0px||true|false&#8220; custom_padding_phone=&#8220;0px||0px||true|false&#8220; custom_padding_last_edited=&#8220;on|tablet&#8220; global_colors_info=&#8220;{}&#8220;][et_pb_text _builder_version=&#8220;4.27.0&#8243; _module_preset=&#8220;ac12efa0-210f-4aa7-a795-6a5f288ee197&#8243; text_font_size=&#8220;3px&#8220; global_colors_info=&#8220;{}&#8220;]<\/p>\n<h2>Kontaktieren Sie uns<\/h2>\n<p>[\/et_pb_text][et_pb_text _builder_version=&#8220;4.27.0&#8243; _module_preset=&#8220;07713c5c-bc25-4579-aca1-3385a619381a&#8220; global_colors_info=&#8220;{}&#8220;]<\/p>\n<p>Haben Sie Fragen vielleicht wie wir arbeiten, was wir im Sortiment haben oder m\u00f6chten Sie ein paar Worte austauschen?<\/p>\n<p>Z\u00f6gern Sie nicht uns telefonisch oder \u00fcber das untenstehende Kontaktformular zu kontaktieren.<\/p>\n<p>[\/et_pb_text][et_pb_contact_form captcha=&#8220;off&#8220; email=&#8220;roger@bergdalahyttan.se&#8220; submit_button_text=&#8220;Einreichen&#8220; _builder_version=&#8220;4.27.0&#8243; _module_preset=&#8220;8cea33f2-a044-4d98-8697-65cf8790c920&#8243; locked=&#8220;off&#8220; global_colors_info=&#8220;{}&#8220;][et_pb_contact_field field_id=&#8220;Name&#8220; field_title=&#8220;Name &#8220; fullwidth_field=&#8220;on&#8220; _builder_version=&#8220;4.27.0&#8243; _module_preset=&#8220;default&#8220; global_colors_info=&#8220;{}&#8220; button_text_size__hover_enabled=&#8220;off&#8220; button_one_text_size__hover_enabled=&#8220;off&#8220; button_two_text_size__hover_enabled=&#8220;off&#8220; button_text_color__hover_enabled=&#8220;off&#8220; button_one_text_color__hover_enabled=&#8220;off&#8220; button_two_text_color__hover_enabled=&#8220;off&#8220; button_border_width__hover_enabled=&#8220;off&#8220; button_one_border_width__hover_enabled=&#8220;off&#8220; button_two_border_width__hover_enabled=&#8220;off&#8220; button_border_color__hover_enabled=&#8220;off&#8220; button_one_border_color__hover_enabled=&#8220;off&#8220; button_two_border_color__hover_enabled=&#8220;off&#8220; button_border_radius__hover_enabled=&#8220;off&#8220; button_one_border_radius__hover_enabled=&#8220;off&#8220; button_two_border_radius__hover_enabled=&#8220;off&#8220; button_letter_spacing__hover_enabled=&#8220;off&#8220; button_one_letter_spacing__hover_enabled=&#8220;off&#8220; button_two_letter_spacing__hover_enabled=&#8220;off&#8220; button_bg_color__hover_enabled=&#8220;off&#8220; button_one_bg_color__hover_enabled=&#8220;off&#8220; button_two_bg_color__hover_enabled=&#8220;off&#8220;][\/et_pb_contact_field][et_pb_contact_field field_id=&#8220;E-Mailadresse&#8220; field_title=&#8220;E-Mail Adresse&#8220; field_type=&#8220;email&#8220; fullwidth_field=&#8220;on&#8220; _builder_version=&#8220;4.27.0&#8243; _module_preset=&#8220;default&#8220; global_colors_info=&#8220;{}&#8220; button_text_size__hover_enabled=&#8220;off&#8220; button_one_text_size__hover_enabled=&#8220;off&#8220; button_two_text_size__hover_enabled=&#8220;off&#8220; button_text_color__hover_enabled=&#8220;off&#8220; button_one_text_color__hover_enabled=&#8220;off&#8220; button_two_text_color__hover_enabled=&#8220;off&#8220; button_border_width__hover_enabled=&#8220;off&#8220; button_one_border_width__hover_enabled=&#8220;off&#8220; button_two_border_width__hover_enabled=&#8220;off&#8220; button_border_color__hover_enabled=&#8220;off&#8220; button_one_border_color__hover_enabled=&#8220;off&#8220; button_two_border_color__hover_enabled=&#8220;off&#8220; button_border_radius__hover_enabled=&#8220;off&#8220; button_one_border_radius__hover_enabled=&#8220;off&#8220; button_two_border_radius__hover_enabled=&#8220;off&#8220; button_letter_spacing__hover_enabled=&#8220;off&#8220; button_one_letter_spacing__hover_enabled=&#8220;off&#8220; button_two_letter_spacing__hover_enabled=&#8220;off&#8220; button_bg_color__hover_enabled=&#8220;off&#8220; button_one_bg_color__hover_enabled=&#8220;off&#8220; button_two_bg_color__hover_enabled=&#8220;off&#8220;][\/et_pb_contact_field][et_pb_contact_field field_id=&#8220;Nachricht&#8220; field_title=&#8220;Benachrichtigung&#8220; field_type=&#8220;text&#8220; fullwidth_field=&#8220;on&#8220; _builder_version=&#8220;4.27.0&#8243; _module_preset=&#8220;default&#8220; global_colors_info=&#8220;{}&#8220; button_text_size__hover_enabled=&#8220;off&#8220; button_one_text_size__hover_enabled=&#8220;off&#8220; button_two_text_size__hover_enabled=&#8220;off&#8220; button_text_color__hover_enabled=&#8220;off&#8220; button_one_text_color__hover_enabled=&#8220;off&#8220; button_two_text_color__hover_enabled=&#8220;off&#8220; button_border_width__hover_enabled=&#8220;off&#8220; button_one_border_width__hover_enabled=&#8220;off&#8220; button_two_border_width__hover_enabled=&#8220;off&#8220; button_border_color__hover_enabled=&#8220;off&#8220; button_one_border_color__hover_enabled=&#8220;off&#8220; button_two_border_color__hover_enabled=&#8220;off&#8220; button_border_radius__hover_enabled=&#8220;off&#8220; button_one_border_radius__hover_enabled=&#8220;off&#8220; button_two_border_radius__hover_enabled=&#8220;off&#8220; button_letter_spacing__hover_enabled=&#8220;off&#8220; button_one_letter_spacing__hover_enabled=&#8220;off&#8220; button_two_letter_spacing__hover_enabled=&#8220;off&#8220; button_bg_color__hover_enabled=&#8220;off&#8220; button_one_bg_color__hover_enabled=&#8220;off&#8220; button_two_bg_color__hover_enabled=&#8220;off&#8220;][\/et_pb_contact_field][\/et_pb_contact_form][et_pb_text admin_label=&#8220;\u00d6ppettider&#8220; _builder_version=&#8220;4.27.0&#8243; _module_preset=&#8220;0b859d46-3aa9-4a03-9e94-f22999f95ec6&#8243; text_font=&#8220;|600|||||||&#8220; text_font_size=&#8220;16px&#8220; link_text_color=&#8220;gcid-47173da4-1027-4848-aa03-dcf337566d0e&#8220; header_4_text_color=&#8220;#0C71C3&#8243; header_4_font_size=&#8220;16px&#8220; locked=&#8220;off&#8220; global_colors_info=&#8220;{%22gcid-47173da4-1027-4848-aa03-dcf337566d0e%22:%91%22link_text_color%22%93}&#8220;]<\/p>\n<h4>\u00d6ffnungszeiten Gesch\u00e4ft &amp; Gallerie<\/h4>\n<p>Werktags 10-16<\/p>\n<p>Samstag 11-16<\/p>\n<p>Sonntag Geschlossen<\/p>\n<p>[\/et_pb_text][et_pb_text _builder_version=&#8220;4.27.0&#8243; _module_preset=&#8220;0b859d46-3aa9-4a03-9e94-f22999f95ec6&#8243; text_font=&#8220;|600|||||||&#8220; text_font_size=&#8220;16px&#8220; link_text_color=&#8220;gcid-47173da4-1027-4848-aa03-dcf337566d0e&#8220; header_4_text_color=&#8220;#0C71C3&#8243; header_4_font_size=&#8220;16px&#8220; custom_padding=&#8220;19px|||||&#8220; locked=&#8220;off&#8220; global_colors_info=&#8220;{%22gcid-47173da4-1027-4848-aa03-dcf337566d0e%22:%91%22link_text_color%22%93}&#8220;]<\/p>\n<h4>Glasherstellung<\/h4>\n<p>Werktags 07-11 &amp; 12- 15:30<\/p>\n<p>[\/et_pb_text][\/et_pb_column][et_pb_column type=&#8220;2_5&#8243; _builder_version=&#8220;4.20.0&#8243; _module_preset=&#8220;default&#8220; global_colors_info=&#8220;{}&#8220;][et_pb_image src=&#8220;https:\/\/www.bergdalahyttan.se\/wp-content\/uploads\/2025\/02\/Roger-Johansson.jpg&#8220; alt=&#8220;Roger johansson-bergdalahyttan&#8220; title_text=&#8220;Roger-Johansson&#8220; _builder_version=&#8220;4.27.0&#8243; _module_preset=&#8220;default&#8220; hover_enabled=&#8220;0&#8243; box_shadow_style=&#8220;preset1&#8243; global_colors_info=&#8220;{}&#8220; sticky_enabled=&#8220;0&#8243;][\/et_pb_image][et_pb_text _builder_version=&#8220;4.27.0&#8243; _module_preset=&#8220;07713c5c-bc25-4579-aca1-3385a619381a&#8220; link_text_color=&#8220;gcid-47173da4-1027-4848-aa03-dcf337566d0e&#8220; global_colors_info=&#8220;{%22gcid-47173da4-1027-4848-aa03-dcf337566d0e%22:%91%22link_text_color%22%93}&#8220;]<\/p>\n<p><em>Eigentuemer: Roger Johansson<\/em><\/p>\n<p>[\/et_pb_text][et_pb_text _builder_version=&#8220;4.27.0&#8243; _module_preset=&#8220;0b859d46-3aa9-4a03-9e94-f22999f95ec6&#8243; header_4_text_color=&#8220;#0C71C3&#8243; header_4_font_size=&#8220;16px&#8220; global_colors_info=&#8220;{}&#8220;]<\/p>\n<h4>E-Mail<\/h4>\n<p>[\/et_pb_text][et_pb_text _builder_version=&#8220;4.23&#8243; _module_preset=&#8220;07713c5c-bc25-4579-aca1-3385a619381a&#8220; link_text_color=&#8220;#545454&#8243; global_colors_info=&#8220;{}&#8220;]<\/p>\n<p><a href=\"mailto:roger@bergdalahyttan.se\">roger@bergdalahyttan.se<\/a><\/p>\n<p>[\/et_pb_text][et_pb_text _builder_version=&#8220;4.27.0&#8243; _module_preset=&#8220;0b859d46-3aa9-4a03-9e94-f22999f95ec6&#8243; header_4_text_color=&#8220;#0C71C3&#8243; header_4_font_size=&#8220;16px&#8220; locked=&#8220;off&#8220; global_colors_info=&#8220;{}&#8220;]<\/p>\n<h4>Telefonnummer<\/h4>\n<p>[\/et_pb_text][et_pb_text _builder_version=&#8220;4.27.0&#8243; _module_preset=&#8220;07713c5c-bc25-4579-aca1-3385a619381a&#8220; text_text_color=&#8220;#545454&#8243; link_text_color=&#8220;gcid-47173da4-1027-4848-aa03-dcf337566d0e&#8220; locked=&#8220;off&#8220; global_colors_info=&#8220;{%22gcid-47173da4-1027-4848-aa03-dcf337566d0e%22:%91%22link_text_color%22%93}&#8220;]<\/p>\n<p>+46 70-5143630<\/p>\n<p>[\/et_pb_text][et_pb_text _builder_version=&#8220;4.27.0&#8243; _module_preset=&#8220;0b859d46-3aa9-4a03-9e94-f22999f95ec6&#8243; text_font=&#8220;|600|||||||&#8220; text_font_size=&#8220;16px&#8220; link_text_color=&#8220;gcid-47173da4-1027-4848-aa03-dcf337566d0e&#8220; header_4_text_color=&#8220;#0C71C3&#8243; header_4_font_size=&#8220;16px&#8220; locked=&#8220;off&#8220; global_colors_info=&#8220;{%22gcid-47173da4-1027-4848-aa03-dcf337566d0e%22:%91%22link_text_color%22%93}&#8220;]<\/p>\n<h4>Adresse<\/h4>\n<p>[\/et_pb_text][et_pb_text _builder_version=&#8220;4.27.0&#8243; _module_preset=&#8220;07713c5c-bc25-4579-aca1-3385a619381a&#8220; text_text_color=&#8220;#545454&#8243; link_text_color=&#8220;gcid-47173da4-1027-4848-aa03-dcf337566d0e&#8220; header_4_text_color=&#8220;#0C71C3&#8243; header_4_font_size=&#8220;16px&#8220; locked=&#8220;off&#8220; global_colors_info=&#8220;{%22gcid-47173da4-1027-4848-aa03-dcf337566d0e%22:%91%22link_text_color%22,%22link_text_color%22%93}&#8220;]<\/p>\n<p>Bergdalahyttan<\/p>\n<p>Bergdala Glasbruk<\/p>\n<p>365 92 Hovmantorp<\/p>\n<p>[\/et_pb_text][\/et_pb_column][\/et_pb_row][\/et_pb_section][et_pb_section fb_built=&#8220;1&#8243; admin_label=&#8220;Map&#8220; _builder_version=&#8220;4.20.0&#8243; _module_preset=&#8220;default&#8220; background_color=&#8220;gcid-67960745-cc0c-4d73-b86b-ef2d6023be78&#8243; custom_padding=&#8220;7px|||||&#8220; collapsed=&#8220;off&#8220; global_colors_info=&#8220;{%22gcid-67960745-cc0c-4d73-b86b-ef2d6023be78%22:%91%22background_color%22%93}&#8220;][et_pb_row module_id=&#8220;hitta&#8220; _builder_version=&#8220;4.23.1&#8243; _module_preset=&#8220;default&#8220; global_colors_info=&#8220;{}&#8220;][et_pb_column type=&#8220;4_4&#8243; _builder_version=&#8220;4.20.0&#8243; _module_preset=&#8220;default&#8220; global_colors_info=&#8220;{}&#8220;][et_pb_code _builder_version=&#8220;4.23&#8243; _module_preset=&#8220;default&#8220; global_colors_info=&#8220;{}&#8220;]<iframe src=\"https:\/\/www.google.com\/maps\/embed?pb=!1m18!1m12!1m3!1d2182.63130753773!2d15.218870977478698!3d56.83511440811256!2m3!1f0!2f0!3f0!3m2!1i1024!2i768!4f13.1!3m3!1m2!1s0x465704c68181a30b%3A0x39fcc177f57d5289!2sBergdalahyttan!5e0!3m2!1ssv!2sse!4v1699015986155!5m2!1ssv!2sse\" width=\"100%\" height=\"450\" style=\"border:0;\" allowfullscreen=\"\" loading=\"lazy\" referrerpolicy=\"no-referrer-when-downgrade\"><\/iframe>[\/et_pb_code][\/et_pb_column][\/et_pb_row][\/et_pb_section][et_pb_section fb_built=&#8220;1&#8243; admin_label=&#8220;Footer&#8220; _builder_version=&#8220;4.20.0&#8243; _module_preset=&#8220;default&#8220; background_color=&#8220;gcid-67960745-cc0c-4d73-b86b-ef2d6023be78&#8243; use_background_color_gradient=&#8220;on&#8220; background_color_gradient_stops=&#8220;rgba(255,255,255,0) 50%|#000000 50%&#8220; saved_tabs=&#8220;all&#8220; collapsed=&#8220;off&#8220; global_colors_info=&#8220;{%22gcid-67960745-cc0c-4d73-b86b-ef2d6023be78%22:%91%22background_color%22%93}&#8220;][et_pb_row custom_padding_last_edited=&#8220;on|desktop&#8220; _builder_version=&#8220;4.27.0&#8243; _module_preset=&#8220;default&#8220; use_background_color_gradient=&#8220;on&#8220; background_color_gradient_stops=&#8220;rgba(0,0,0,0.75) 0%|rgba(0,0,0,0.75) 100%&#8220; background_color_gradient_overlays_image=&#8220;on&#8220; background_image=&#8220;https:\/\/www.bergdalahyttan.se\/wp-content\/uploads\/2025\/02\/Kannor-i-massor.jpg&#8220; custom_padding=&#8220;60px|60px|60px|60px|true|true&#8220; custom_padding_tablet=&#8220;30px|30px|30px|30px|true|true&#8220; custom_padding_phone=&#8220;20px|20px|20px|20px|true|true&#8220; hover_enabled=&#8220;0&#8243; global_colors_info=&#8220;{}&#8220; title_text=&#8220;Kannor-i-massor&#8220; sticky_enabled=&#8220;0&#8243;][et_pb_column type=&#8220;4_4&#8243; _builder_version=&#8220;4.20.0&#8243; _module_preset=&#8220;default&#8220; global_colors_info=&#8220;{}&#8220;][et_pb_text _builder_version=&#8220;4.27.0&#8243; _module_preset=&#8220;8f43c299-b83e-473e-89cb-9af9667842cb&#8220; header_2_text_color=&#8220;#FFFFFF&#8220; text_orientation=&#8220;center&#8220; max_width=&#8220;700px&#8220; module_alignment=&#8220;center&#8220; global_colors_info=&#8220;{}&#8220;]<\/p>\n<h2>Besuchen Sie uns im Gesch\u00e4ft oder kaufen Sie Online<\/h2>\n<p>[\/et_pb_text][et_pb_button button_url=&#8220;\/butik\/&#8220; button_text=&#8220;Zum Online kauf&#8220; button_alignment=&#8220;center&#8220; _builder_version=&#8220;4.27.0&#8243; _module_preset=&#8220;62b8b9fc-880c-490b-b0a6-05638a3cbeae&#8220; global_colors_info=&#8220;{}&#8220;][\/et_pb_button][\/et_pb_column][\/et_pb_row][\/et_pb_section]<\/p>\n","protected":false},"excerpt":{"rendered":"<p>Kontaktieren Sie unsHaben Sie Fragen vielleicht wie wir arbeiten, was wir im Sortiment haben oder m\u00f6chten Sie ein paar Worte austauschen? Z\u00f6gern Sie nicht uns telefonisch oder \u00fcber das untenstehende Kontaktformular zu kontaktieren.\u00d6ffnungszeiten Gesch\u00e4ft &amp; Gallerie Werktags 10-16 Samstag 11-16 Sonntag GeschlossenGlasherstellung Werktags 07-11 &amp; 12- 15:30Eigentuemer: Roger JohanssonE-Mailroger@bergdalahyttan.seTelefonnummer+46 70-5143630AdresseBergdalahyttan Bergdala Glasbruk 365 92 HovmantorpBesuchen [&hellip;]<\/p>\n","protected":false},"author":2,"featured_media":0,"parent":0,"menu_order":0,"comment_status":"closed","ping_status":"closed","template":"","meta":{"_et_pb_use_builder":"on","_et_pb_old_content":"","_et_gb_content_width":"","footnotes":""},"class_list":["post-3422","page","type-page","status-publish","hentry"],"yoast_head":"<!-- This site is optimized with the Yoast SEO plugin v27.0 - https:\/\/yoast.com\/product\/yoast-seo-wordpress\/ -->\n<title>Kontaktieren Sie uns - Bergdalahyttan<\/title>\n<meta name=\"robots\" content=\"index, follow, max-snippet:-1, max-image-preview:large, max-video-preview:-1\" \/>\n<link rel=\"canonical\" href=\"https:\/\/www.bergdalahyttan.se\/de\/kontaktieren-sie-uns\/\" \/>\n<meta property=\"og:locale\" content=\"de_DE\" \/>\n<meta property=\"og:type\" content=\"article\" \/>\n<meta property=\"og:title\" content=\"Kontaktieren Sie uns - Bergdalahyttan\" \/>\n<meta property=\"og:description\" content=\"Kontaktieren Sie unsHaben Sie Fragen vielleicht wie wir arbeiten, was wir im Sortiment haben oder m\u00f6chten Sie ein paar Worte austauschen? Z\u00f6gern Sie nicht uns telefonisch oder \u00fcber das untenstehende Kontaktformular zu kontaktieren.\u00d6ffnungszeiten Gesch\u00e4ft &amp; Gallerie Werktags 10-16 Samstag 11-16 Sonntag GeschlossenGlasherstellung Werktags 07-11 &amp; 12- 15:30Eigentuemer: Roger JohanssonE-Mailroger@bergdalahyttan.seTelefonnummer+46 70-5143630AdresseBergdalahyttan Bergdala Glasbruk 365 92 HovmantorpBesuchen [&hellip;]\" \/>\n<meta property=\"og:url\" content=\"https:\/\/www.bergdalahyttan.se\/de\/kontaktieren-sie-uns\/\" \/>\n<meta property=\"og:site_name\" content=\"Bergdalahyttan\" \/>\n<meta property=\"article:modified_time\" content=\"2025-02-13T07:08:29+00:00\" \/>\n<meta name=\"twitter:card\" content=\"summary_large_image\" \/>\n<meta name=\"twitter:label1\" content=\"Gesch\u00e4tzte Lesezeit\" \/>\n\t<meta name=\"twitter:data1\" content=\"1\u00a0Minute\" \/>\n<script type=\"application\/ld+json\" class=\"yoast-schema-graph\">{\"@context\":\"https:\/\/schema.org\",\"@graph\":[{\"@type\":\"WebPage\",\"@id\":\"https:\/\/www.bergdalahyttan.se\/de\/kontaktieren-sie-uns\/\",\"url\":\"https:\/\/www.bergdalahyttan.se\/de\/kontaktieren-sie-uns\/\",\"name\":\"Kontaktieren Sie uns - Bergdalahyttan\",\"isPartOf\":{\"@id\":\"https:\/\/www.bergdalahyttan.se\/de\/#website\"},\"datePublished\":\"2023-11-03T11:41:24+00:00\",\"dateModified\":\"2025-02-13T07:08:29+00:00\",\"breadcrumb\":{\"@id\":\"https:\/\/www.bergdalahyttan.se\/de\/kontaktieren-sie-uns\/#breadcrumb\"},\"inLanguage\":\"de\",\"potentialAction\":[{\"@type\":\"ReadAction\",\"target\":[\"https:\/\/www.bergdalahyttan.se\/de\/kontaktieren-sie-uns\/\"]}]},{\"@type\":\"BreadcrumbList\",\"@id\":\"https:\/\/www.bergdalahyttan.se\/de\/kontaktieren-sie-uns\/#breadcrumb\",\"itemListElement\":[{\"@type\":\"ListItem\",\"position\":1,\"name\":\"Hem\",\"item\":\"https:\/\/www.bergdalahyttan.se\/de\/\"},{\"@type\":\"ListItem\",\"position\":2,\"name\":\"Kontaktieren Sie uns\"}]},{\"@type\":\"WebSite\",\"@id\":\"https:\/\/www.bergdalahyttan.se\/de\/#website\",\"url\":\"https:\/\/www.bergdalahyttan.se\/de\/\",\"name\":\"Bergdalahyttan\",\"description\":\"Bruket med bl\u00e5 kant!\",\"potentialAction\":[{\"@type\":\"SearchAction\",\"target\":{\"@type\":\"EntryPoint\",\"urlTemplate\":\"https:\/\/www.bergdalahyttan.se\/de\/?s={search_term_string}\"},\"query-input\":{\"@type\":\"PropertyValueSpecification\",\"valueRequired\":true,\"valueName\":\"search_term_string\"}}],\"inLanguage\":\"de\"}]}<\/script>\n<!-- \/ Yoast SEO plugin. -->","yoast_head_json":{"title":"Kontaktieren Sie uns - Bergdalahyttan","robots":{"index":"index","follow":"follow","max-snippet":"max-snippet:-1","max-image-preview":"max-image-preview:large","max-video-preview":"max-video-preview:-1"},"canonical":"https:\/\/www.bergdalahyttan.se\/de\/kontaktieren-sie-uns\/","og_locale":"de_DE","og_type":"article","og_title":"Kontaktieren Sie uns - Bergdalahyttan","og_description":"Kontaktieren Sie unsHaben Sie Fragen vielleicht wie wir arbeiten, was wir im Sortiment haben oder m\u00f6chten Sie ein paar Worte austauschen? Z\u00f6gern Sie nicht uns telefonisch oder \u00fcber das untenstehende Kontaktformular zu kontaktieren.\u00d6ffnungszeiten Gesch\u00e4ft &amp; Gallerie Werktags 10-16 Samstag 11-16 Sonntag GeschlossenGlasherstellung Werktags 07-11 &amp; 12- 15:30Eigentuemer: Roger JohanssonE-Mailroger@bergdalahyttan.seTelefonnummer+46 70-5143630AdresseBergdalahyttan Bergdala Glasbruk 365 92 HovmantorpBesuchen [&hellip;]","og_url":"https:\/\/www.bergdalahyttan.se\/de\/kontaktieren-sie-uns\/","og_site_name":"Bergdalahyttan","article_modified_time":"2025-02-13T07:08:29+00:00","twitter_card":"summary_large_image","twitter_misc":{"Gesch\u00e4tzte Lesezeit":"1\u00a0Minute"},"schema":{"@context":"https:\/\/schema.org","@graph":[{"@type":"WebPage","@id":"https:\/\/www.bergdalahyttan.se\/de\/kontaktieren-sie-uns\/","url":"https:\/\/www.bergdalahyttan.se\/de\/kontaktieren-sie-uns\/","name":"Kontaktieren Sie uns - Bergdalahyttan","isPartOf":{"@id":"https:\/\/www.bergdalahyttan.se\/de\/#website"},"datePublished":"2023-11-03T11:41:24+00:00","dateModified":"2025-02-13T07:08:29+00:00","breadcrumb":{"@id":"https:\/\/www.bergdalahyttan.se\/de\/kontaktieren-sie-uns\/#breadcrumb"},"inLanguage":"de","potentialAction":[{"@type":"ReadAction","target":["https:\/\/www.bergdalahyttan.se\/de\/kontaktieren-sie-uns\/"]}]},{"@type":"BreadcrumbList","@id":"https:\/\/www.bergdalahyttan.se\/de\/kontaktieren-sie-uns\/#breadcrumb","itemListElement":[{"@type":"ListItem","position":1,"name":"Hem","item":"https:\/\/www.bergdalahyttan.se\/de\/"},{"@type":"ListItem","position":2,"name":"Kontaktieren Sie uns"}]},{"@type":"WebSite","@id":"https:\/\/www.bergdalahyttan.se\/de\/#website","url":"https:\/\/www.bergdalahyttan.se\/de\/","name":"Bergdalahyttan","description":"Bruket med bl\u00e5 kant!","potentialAction":[{"@type":"SearchAction","target":{"@type":"EntryPoint","urlTemplate":"https:\/\/www.bergdalahyttan.se\/de\/?s={search_term_string}"},"query-input":{"@type":"PropertyValueSpecification","valueRequired":true,"valueName":"search_term_string"}}],"inLanguage":"de"}]}},"_links":{"self":[{"href":"https:\/\/www.bergdalahyttan.se\/de\/wp-json\/wp\/v2\/pages\/3422","targetHints":{"allow":["GET"]}}],"collection":[{"href":"https:\/\/www.bergdalahyttan.se\/de\/wp-json\/wp\/v2\/pages"}],"about":[{"href":"https:\/\/www.bergdalahyttan.se\/de\/wp-json\/wp\/v2\/types\/page"}],"author":[{"embeddable":true,"href":"https:\/\/www.bergdalahyttan.se\/de\/wp-json\/wp\/v2\/users\/2"}],"replies":[{"embeddable":true,"href":"https:\/\/www.bergdalahyttan.se\/de\/wp-json\/wp\/v2\/comments?post=3422"}],"version-history":[{"count":4,"href":"https:\/\/www.bergdalahyttan.se\/de\/wp-json\/wp\/v2\/pages\/3422\/revisions"}],"predecessor-version":[{"id":4843,"href":"https:\/\/www.bergdalahyttan.se\/de\/wp-json\/wp\/v2\/pages\/3422\/revisions\/4843"}],"wp:attachment":[{"href":"https:\/\/www.bergdalahyttan.se\/de\/wp-json\/wp\/v2\/media?parent=3422"}],"curies":[{"name":"wp","href":"https:\/\/api.w.org\/{rel}","templated":true}]}}