{"id":3431,"date":"2023-11-09T22:17:31","date_gmt":"2023-11-09T21:17:31","guid":{"rendered":"https:\/\/bergdalahyttan.techmedia4you.se\/ueber-uns\/blauer-rand\/"},"modified":"2025-02-13T07:54:23","modified_gmt":"2025-02-13T06:54:23","slug":"blauer-rand","status":"publish","type":"page","link":"https:\/\/www.bergdalahyttan.se\/de\/ueber-uns\/blauer-rand\/","title":{"rendered":"Blauer Rand"},"content":{"rendered":"<p>[et_pb_section fb_built=&#8220;1&#8243; admin_label=&#8220;Header&#8220; _builder_version=&#8220;4.27.0&#8243; _module_preset=&#8220;default&#8220; background_color=&#8220;gcid-67960745-cc0c-4d73-b86b-ef2d6023be78&#8243; background_image=&#8220;https:\/\/www.bergdalahyttan.se\/wp-content\/uploads\/2025\/02\/butik-1-av-9.jpg&#8220; min_height=&#8220;349.8px&#8220; hover_enabled=&#8220;0&#8243; locked=&#8220;off&#8220; collapsed=&#8220;off&#8220; global_colors_info=&#8220;{%22gcid-67960745-cc0c-4d73-b86b-ef2d6023be78%22:%91%22background_color%22%93}&#8220; title_text=&#8220;butik-1-av-9&#8243; sticky_enabled=&#8220;0&#8243;][et_pb_row use_custom_gutter=&#8220;on&#8220; gutter_width=&#8220;2&#8243; make_equal=&#8220;on&#8220; _builder_version=&#8220;4.23.1&#8243; _module_preset=&#8220;default&#8220; width=&#8220;100%&#8220; max_width=&#8220;none&#8220; global_colors_info=&#8220;{}&#8220;][et_pb_column type=&#8220;4_4&#8243; _builder_version=&#8220;4.20.0&#8243; _module_preset=&#8220;default&#8220; global_colors_info=&#8220;{}&#8220;][et_pb_button button_url=&#8220;\/butik\/&#8220; button_text=&#8220;Onlineshop&#8220; disabled_on=&#8220;on|on|on&#8220; _builder_version=&#8220;4.23.1&#8243; _module_preset=&#8220;f657c278-8d73-4cc7-972b-50b267072259&#8243; positioning=&#8220;absolute&#8220; disabled=&#8220;on&#8220; global_colors_info=&#8220;{}&#8220;][\/et_pb_button][\/et_pb_column][\/et_pb_row][\/et_pb_section][et_pb_section fb_built=&#8220;1&#8243; admin_label=&#8220;Products&#8220; _builder_version=&#8220;4.20.0&#8243; _module_preset=&#8220;default&#8220; background_color=&#8220;gcid-67960745-cc0c-4d73-b86b-ef2d6023be78&#8243; custom_padding=&#8220;7px||4px|||&#8220; locked=&#8220;off&#8220; collapsed=&#8220;off&#8220; global_colors_info=&#8220;{%22gcid-67960745-cc0c-4d73-b86b-ef2d6023be78%22:%91%22background_color%22%93}&#8220;][et_pb_row _builder_version=&#8220;4.20.0&#8243; _module_preset=&#8220;default&#8220; global_colors_info=&#8220;{}&#8220;][et_pb_column type=&#8220;4_4&#8243; _builder_version=&#8220;4.20.0&#8243; _module_preset=&#8220;default&#8220; global_colors_info=&#8220;{}&#8220;][et_pb_text _builder_version=&#8220;4.23.4&#8243; _module_preset=&#8220;65d59c4b-42e3-4198-a600-2864c21021f5&#8243; text_font_size=&#8220;16px&#8220; header_4_font=&#8220;Arial|700|||||||&#8220; header_4_text_color=&#8220;gcid-a3412674-3498-4142-ac08-6afad8430048&#8243; header_4_font_size=&#8220;3vw&#8220; custom_padding=&#8220;||35px|||&#8220; global_colors_info=&#8220;{%22gcid-a3412674-3498-4142-ac08-6afad8430048%22:%91%22header_4_text_color%22%93}&#8220;]<\/p>\n<h1><strong>Bergdalahyttan stellt den beliebten Klassiker Blauer Rand her, der seit jeher zur Geschichte der Huette geh\u00f6rt.<\/strong><span style=\"font-size: large;\"><\/span><\/h1>\n<p>[\/et_pb_text][et_pb_text _builder_version=&#8220;4.23.1&#8243; _module_preset=&#8220;65d59c4b-42e3-4198-a600-2864c21021f5&#8243; text_font=&#8220;|600|||||||&#8220; text_font_size=&#8220;16px&#8220; text_line_height=&#8220;1.8em&#8220; header_4_font=&#8220;Arial|700|||||||&#8220; header_4_text_color=&#8220;gcid-a3412674-3498-4142-ac08-6afad8430048&#8243; header_4_font_size=&#8220;3vw&#8220; custom_padding=&#8220;||35px|||&#8220; global_colors_info=&#8220;{%22gcid-a3412674-3498-4142-ac08-6afad8430048%22:%91%22header_4_text_color%22%93}&#8220;]<\/p>\n<p><span style=\"font-size: large;\"><br \/>Bergdalahyttan ist die einzige h\u00f6lzerne Glash\u00fctte ihrer Art in Schweden und ist vor allem f\u00fcr ihr Kunst- und Gebrauchsglas mit dem sch\u00f6nen und magischen blauen Rand bekannt. Bei der Herstellung des blauen Randes entstehen immer Blasen, weil sich beim Auftragen des Randes Lufttaschen bilden. In der Vergangenheit hie\u00df es, dass der blaue Rand ankommende Fliegen von Schalen, Sch\u00fcsseln und Kr\u00fcgen fernhalten w\u00fcrde. <\/span><\/p>\n<p><span style=\"font-size: large;\">Die Blue Edge Serie umfasst Trinkgl\u00e4ser, Teller, Kannen und Flaschen in verschiedenen Formen und Gr\u00f6\u00dfen.<\/span><\/p>\n<p>[\/et_pb_text][\/et_pb_column][\/et_pb_row][\/et_pb_section][et_pb_section fb_built=&#8220;1&#8243; admin_label=&#8220;Call to Action&#8220; _builder_version=&#8220;4.20.0&#8243; _module_preset=&#8220;default&#8220; background_color=&#8220;gcid-67960745-cc0c-4d73-b86b-ef2d6023be78&#8243; collapsed=&#8220;off&#8220; global_colors_info=&#8220;{%22gcid-67960745-cc0c-4d73-b86b-ef2d6023be78%22:%91%22background_color%22%93}&#8220;][et_pb_row column_structure=&#8220;1_2,1_2&#8243; make_equal=&#8220;on&#8220; custom_padding_last_edited=&#8220;on|tablet&#8220; _builder_version=&#8220;4.27.0&#8243; _module_preset=&#8220;default&#8220; custom_padding_tablet=&#8220;||0px||false|false&#8220; custom_padding_phone=&#8220;||0px||false|false&#8220; hover_enabled=&#8220;0&#8243; global_colors_info=&#8220;{}&#8220; sticky_enabled=&#8220;0&#8243;][et_pb_column type=&#8220;1_2&#8243; _builder_version=&#8220;4.27.0&#8243; _module_preset=&#8220;default&#8220; use_background_color_gradient=&#8220;on&#8220; background_color_gradient_stops=&#8220;rgba(255,255,255,0) 0%|rgba(234,235,230,0.9) 100%&#8220; background_color_gradient_overlays_image=&#8220;on&#8220; background_image=&#8220;https:\/\/www.bergdalahyttan.se\/wp-content\/uploads\/2025\/02\/dricksglas-insta-1-av-1.jpg&#8220; custom_padding=&#8220;18%|40px|40px|40px|false|true&#8220; custom_padding_tablet=&#8220;|30px|30px|30px|false|true&#8220; custom_padding_phone=&#8220;|20px|20px|20px|false|true&#8220; custom_padding_last_edited=&#8220;on|tablet&#8220; link_option_url=&#8220;#&#8220; hover_enabled=&#8220;0&#8243; global_colors_info=&#8220;{}&#8220; title_text=&#8220;dricksglas-insta-1-av-1&#8243; sticky_enabled=&#8220;0&#8243;][et_pb_text _builder_version=&#8220;4.27.0&#8243; _module_preset=&#8220;7bbd20b0-28da-4fe3-8371-b0918df2c4b8&#8243; custom_margin=&#8220;||10px||false|false&#8220; link_option_url=&#8220;https:\/\/bergdalahyttan.techmedia4you.se\/produktetikett\/dricksglas\/&#8220; global_colors_info=&#8220;{}&#8220;]<\/p>\n<h3>Trinkgl\u00e4ser<\/h3>\n<p>[\/et_pb_text][\/et_pb_column][et_pb_column type=&#8220;1_2&#8243; _builder_version=&#8220;4.27.0&#8243; _module_preset=&#8220;default&#8220; use_background_color_gradient=&#8220;on&#8220; background_color_gradient_stops=&#8220;rgba(255,255,255,0) 0%|rgba(234,235,230,0.9) 100%&#8220; background_color_gradient_overlays_image=&#8220;on&#8220; background_image=&#8220;https:\/\/www.bergdalahyttan.se\/wp-content\/uploads\/2025\/02\/kategori-konstglas-hyttan-ljus-1-av-1.jpg&#8220; custom_padding=&#8220;18%|40px|40px|40px|false|true&#8220; custom_padding_tablet=&#8220;|30px|30px|30px|false|true&#8220; custom_padding_phone=&#8220;|20px|20px|20px|false|true&#8220; custom_padding_last_edited=&#8220;on|tablet&#8220; link_option_url=&#8220;#&#8220; hover_enabled=&#8220;0&#8243; global_colors_info=&#8220;{}&#8220; title_text=&#8220;kategori-konstglas-hyttan-ljus-1-av-1&#8243; sticky_enabled=&#8220;0&#8243;][et_pb_text _builder_version=&#8220;4.27.0&#8243; _module_preset=&#8220;7bbd20b0-28da-4fe3-8371-b0918df2c4b8&#8243; custom_margin=&#8220;||10px||false|false&#8220; link_option_url=&#8220;https:\/\/bergdalahyttan.techmedia4you.se\/produktetikett\/konstglas\/&#8220; global_colors_info=&#8220;{}&#8220;]<\/p>\n<h3>Kunstglas<\/h3>\n<p>[\/et_pb_text][\/et_pb_column][\/et_pb_row][et_pb_row column_structure=&#8220;1_2,1_2&#8243; make_equal=&#8220;on&#8220; _builder_version=&#8220;4.27.0&#8243; _module_preset=&#8220;default&#8220; hover_enabled=&#8220;0&#8243; global_colors_info=&#8220;{}&#8220; sticky_enabled=&#8220;0&#8243;][et_pb_column type=&#8220;1_2&#8243; _builder_version=&#8220;4.27.0&#8243; _module_preset=&#8220;default&#8220; use_background_color_gradient=&#8220;on&#8220; background_color_gradient_stops=&#8220;rgba(255,255,255,0) 0%|rgba(234,235,230,0.9) 100%&#8220; background_color_gradient_overlays_image=&#8220;on&#8220; background_image=&#8220;https:\/\/www.bergdalahyttan.se\/wp-content\/uploads\/2025\/02\/3V8A1821-Edit-scaled-1.jpg&#8220; custom_padding=&#8220;18%|40px|40px|40px|false|true&#8220; custom_padding_tablet=&#8220;|30px|30px|30px|false|true&#8220; custom_padding_phone=&#8220;|20px|20px|20px|false|true&#8220; custom_padding_last_edited=&#8220;on|tablet&#8220; link_option_url=&#8220;#&#8220; hover_enabled=&#8220;0&#8243; global_colors_info=&#8220;{}&#8220; title_text=&#8220;3V8A1821-Edit-scaled&#8220; sticky_enabled=&#8220;0&#8243;][et_pb_text _builder_version=&#8220;4.27.0&#8243; _module_preset=&#8220;7bbd20b0-28da-4fe3-8371-b0918df2c4b8&#8243; link_option_url=&#8220;https:\/\/bergdalahyttan.techmedia4you.se\/produktetikett\/ljuslyktor\/&#8220; global_colors_info=&#8220;{}&#8220;]<\/p>\n<h3>Kerzenhalter<\/h3>\n<p>[\/et_pb_text][\/et_pb_column][et_pb_column type=&#8220;1_2&#8243; _builder_version=&#8220;4.27.0&#8243; _module_preset=&#8220;default&#8220; use_background_color_gradient=&#8220;on&#8220; background_color_gradient_stops=&#8220;rgba(255,255,255,0) 0%|rgba(234,235,230,0.9) 100%&#8220; background_color_gradient_overlays_image=&#8220;on&#8220; background_image=&#8220;https:\/\/www.bergdalahyttan.se\/wp-content\/uploads\/2025\/01\/IMG_5146-scaled.jpeg&#8220; custom_padding=&#8220;18%|40px|40px|40px|false|true&#8220; custom_padding_tablet=&#8220;|30px|30px|30px|false|true&#8220; custom_padding_phone=&#8220;|20px|20px|20px|false|true&#8220; custom_padding_last_edited=&#8220;on|tablet&#8220; link_option_url=&#8220;#&#8220; hover_enabled=&#8220;0&#8243; global_colors_info=&#8220;{}&#8220; title_text=&#8220;IMG_5146&#8243; sticky_enabled=&#8220;0&#8243;][et_pb_text _builder_version=&#8220;4.27.0&#8243; _module_preset=&#8220;7bbd20b0-28da-4fe3-8371-b0918df2c4b8&#8243; link_option_url=&#8220;https:\/\/bergdalahyttan.techmedia4you.se\/produktetikett\/vaser\/&#8220; global_colors_info=&#8220;{}&#8220;]<\/p>\n<h3>Vasen<\/h3>\n<p>[\/et_pb_text][\/et_pb_column][\/et_pb_row][\/et_pb_section][et_pb_section fb_built=&#8220;1&#8243; admin_label=&#8220;Footer&#8220; _builder_version=&#8220;4.20.0&#8243; _module_preset=&#8220;default&#8220; background_color=&#8220;gcid-67960745-cc0c-4d73-b86b-ef2d6023be78&#8243; use_background_color_gradient=&#8220;on&#8220; background_color_gradient_stops=&#8220;rgba(255,255,255,0) 50%|#000000 50%&#8220; saved_tabs=&#8220;all&#8220; collapsed=&#8220;off&#8220; global_colors_info=&#8220;{%22gcid-67960745-cc0c-4d73-b86b-ef2d6023be78%22:%91%22background_color%22%93}&#8220;][et_pb_row custom_padding_last_edited=&#8220;on|desktop&#8220; _builder_version=&#8220;4.27.0&#8243; _module_preset=&#8220;default&#8220; use_background_color_gradient=&#8220;on&#8220; background_color_gradient_stops=&#8220;rgba(0,0,0,0.75) 0%|rgba(0,0,0,0.75) 100%&#8220; background_color_gradient_overlays_image=&#8220;on&#8220; background_image=&#8220;https:\/\/www.bergdalahyttan.se\/wp-content\/uploads\/2025\/02\/Kannor-i-massor.jpg&#8220; custom_padding=&#8220;60px|60px|60px|60px|true|true&#8220; custom_padding_tablet=&#8220;30px|30px|30px|30px|true|true&#8220; custom_padding_phone=&#8220;20px|20px|20px|20px|true|true&#8220; hover_enabled=&#8220;0&#8243; global_colors_info=&#8220;{}&#8220; title_text=&#8220;Kannor-i-massor&#8220; sticky_enabled=&#8220;0&#8243;][et_pb_column type=&#8220;4_4&#8243; _builder_version=&#8220;4.20.0&#8243; _module_preset=&#8220;default&#8220; global_colors_info=&#8220;{}&#8220;][et_pb_text _builder_version=&#8220;4.27.0&#8243; _module_preset=&#8220;21969a26-c461-4c34-ad78-ef6f94f6e7e0&#8243; header_2_text_color=&#8220;#FFFFFF&#8220; text_orientation=&#8220;center&#8220; max_width=&#8220;700px&#8220; module_alignment=&#8220;center&#8220; global_colors_info=&#8220;{}&#8220;]<\/p>\n<h2> Sie k\u00f6nnen auch die Blaue Rand Serie in unserem Online Shop kaufen<\/h2>\n<p>[\/et_pb_text][et_pb_button button_url=&#8220;\/butik\/&#8220; button_text=&#8220;Online einkaufen&#8220; button_alignment=&#8220;center&#8220; _builder_version=&#8220;4.23.1&#8243; _module_preset=&#8220;11b370e9-7802-4379-be45-8de43f2ca488&#8243; global_colors_info=&#8220;{}&#8220;][\/et_pb_button][\/et_pb_column][\/et_pb_row][\/et_pb_section]<\/p>\n","protected":false},"excerpt":{"rendered":"<p>Bergdalahyttan stellt den beliebten Klassiker Blauer Rand her, der seit jeher zur Geschichte der Huette geh\u00f6rt.Bergdalahyttan ist die einzige h\u00f6lzerne Glash\u00fctte ihrer Art in Schweden und ist vor allem f\u00fcr ihr Kunst- und Gebrauchsglas mit dem sch\u00f6nen und magischen blauen Rand bekannt. Bei der Herstellung des blauen Randes entstehen immer Blasen, weil sich beim Auftragen [&hellip;]<\/p>\n","protected":false},"author":2,"featured_media":0,"parent":3412,"menu_order":0,"comment_status":"closed","ping_status":"closed","template":"","meta":{"_et_pb_use_builder":"on","_et_pb_old_content":"","_et_gb_content_width":"","footnotes":""},"class_list":["post-3431","page","type-page","status-publish","hentry"],"yoast_head":"<!-- This site is optimized with the Yoast SEO plugin v27.0 - https:\/\/yoast.com\/product\/yoast-seo-wordpress\/ -->\n<title>Blauer Rand - Bergdalahyttan<\/title>\n<meta name=\"robots\" content=\"index, follow, max-snippet:-1, max-image-preview:large, max-video-preview:-1\" \/>\n<link rel=\"canonical\" href=\"https:\/\/www.bergdalahyttan.se\/de\/ueber-uns\/blauer-rand\/\" \/>\n<meta property=\"og:locale\" content=\"de_DE\" \/>\n<meta property=\"og:type\" content=\"article\" \/>\n<meta property=\"og:title\" content=\"Blauer Rand - Bergdalahyttan\" \/>\n<meta property=\"og:description\" content=\"Bergdalahyttan stellt den beliebten Klassiker Blauer Rand her, der seit jeher zur Geschichte der Huette geh\u00f6rt.Bergdalahyttan ist die einzige h\u00f6lzerne Glash\u00fctte ihrer Art in Schweden und ist vor allem f\u00fcr ihr Kunst- und Gebrauchsglas mit dem sch\u00f6nen und magischen blauen Rand bekannt. Bei der Herstellung des blauen Randes entstehen immer Blasen, weil sich beim Auftragen [&hellip;]\" \/>\n<meta property=\"og:url\" content=\"https:\/\/www.bergdalahyttan.se\/de\/ueber-uns\/blauer-rand\/\" \/>\n<meta property=\"og:site_name\" content=\"Bergdalahyttan\" \/>\n<meta property=\"article:modified_time\" content=\"2025-02-13T06:54:23+00:00\" \/>\n<meta name=\"twitter:card\" content=\"summary_large_image\" \/>\n<meta name=\"twitter:label1\" content=\"Gesch\u00e4tzte Lesezeit\" \/>\n\t<meta name=\"twitter:data1\" content=\"1\u00a0Minute\" \/>\n<script type=\"application\/ld+json\" class=\"yoast-schema-graph\">{\"@context\":\"https:\/\/schema.org\",\"@graph\":[{\"@type\":\"WebPage\",\"@id\":\"https:\/\/www.bergdalahyttan.se\/de\/ueber-uns\/blauer-rand\/\",\"url\":\"https:\/\/www.bergdalahyttan.se\/de\/ueber-uns\/blauer-rand\/\",\"name\":\"Blauer Rand - Bergdalahyttan\",\"isPartOf\":{\"@id\":\"https:\/\/www.bergdalahyttan.se\/de\/#website\"},\"datePublished\":\"2023-11-09T21:17:31+00:00\",\"dateModified\":\"2025-02-13T06:54:23+00:00\",\"breadcrumb\":{\"@id\":\"https:\/\/www.bergdalahyttan.se\/de\/ueber-uns\/blauer-rand\/#breadcrumb\"},\"inLanguage\":\"de\",\"potentialAction\":[{\"@type\":\"ReadAction\",\"target\":[\"https:\/\/www.bergdalahyttan.se\/de\/ueber-uns\/blauer-rand\/\"]}]},{\"@type\":\"BreadcrumbList\",\"@id\":\"https:\/\/www.bergdalahyttan.se\/de\/ueber-uns\/blauer-rand\/#breadcrumb\",\"itemListElement\":[{\"@type\":\"ListItem\",\"position\":1,\"name\":\"Hem\",\"item\":\"https:\/\/www.bergdalahyttan.se\/de\/\"},{\"@type\":\"ListItem\",\"position\":2,\"name\":\"Ueber uns\",\"item\":\"https:\/\/www.bergdalahyttan.se\/de\/ueber-uns\/\"},{\"@type\":\"ListItem\",\"position\":3,\"name\":\"Blauer Rand\"}]},{\"@type\":\"WebSite\",\"@id\":\"https:\/\/www.bergdalahyttan.se\/de\/#website\",\"url\":\"https:\/\/www.bergdalahyttan.se\/de\/\",\"name\":\"Bergdalahyttan\",\"description\":\"Bruket med bl\u00e5 kant!\",\"potentialAction\":[{\"@type\":\"SearchAction\",\"target\":{\"@type\":\"EntryPoint\",\"urlTemplate\":\"https:\/\/www.bergdalahyttan.se\/de\/?s={search_term_string}\"},\"query-input\":{\"@type\":\"PropertyValueSpecification\",\"valueRequired\":true,\"valueName\":\"search_term_string\"}}],\"inLanguage\":\"de\"}]}<\/script>\n<!-- \/ Yoast SEO plugin. -->","yoast_head_json":{"title":"Blauer Rand - Bergdalahyttan","robots":{"index":"index","follow":"follow","max-snippet":"max-snippet:-1","max-image-preview":"max-image-preview:large","max-video-preview":"max-video-preview:-1"},"canonical":"https:\/\/www.bergdalahyttan.se\/de\/ueber-uns\/blauer-rand\/","og_locale":"de_DE","og_type":"article","og_title":"Blauer Rand - Bergdalahyttan","og_description":"Bergdalahyttan stellt den beliebten Klassiker Blauer Rand her, der seit jeher zur Geschichte der Huette geh\u00f6rt.Bergdalahyttan ist die einzige h\u00f6lzerne Glash\u00fctte ihrer Art in Schweden und ist vor allem f\u00fcr ihr Kunst- und Gebrauchsglas mit dem sch\u00f6nen und magischen blauen Rand bekannt. Bei der Herstellung des blauen Randes entstehen immer Blasen, weil sich beim Auftragen [&hellip;]","og_url":"https:\/\/www.bergdalahyttan.se\/de\/ueber-uns\/blauer-rand\/","og_site_name":"Bergdalahyttan","article_modified_time":"2025-02-13T06:54:23+00:00","twitter_card":"summary_large_image","twitter_misc":{"Gesch\u00e4tzte Lesezeit":"1\u00a0Minute"},"schema":{"@context":"https:\/\/schema.org","@graph":[{"@type":"WebPage","@id":"https:\/\/www.bergdalahyttan.se\/de\/ueber-uns\/blauer-rand\/","url":"https:\/\/www.bergdalahyttan.se\/de\/ueber-uns\/blauer-rand\/","name":"Blauer Rand - Bergdalahyttan","isPartOf":{"@id":"https:\/\/www.bergdalahyttan.se\/de\/#website"},"datePublished":"2023-11-09T21:17:31+00:00","dateModified":"2025-02-13T06:54:23+00:00","breadcrumb":{"@id":"https:\/\/www.bergdalahyttan.se\/de\/ueber-uns\/blauer-rand\/#breadcrumb"},"inLanguage":"de","potentialAction":[{"@type":"ReadAction","target":["https:\/\/www.bergdalahyttan.se\/de\/ueber-uns\/blauer-rand\/"]}]},{"@type":"BreadcrumbList","@id":"https:\/\/www.bergdalahyttan.se\/de\/ueber-uns\/blauer-rand\/#breadcrumb","itemListElement":[{"@type":"ListItem","position":1,"name":"Hem","item":"https:\/\/www.bergdalahyttan.se\/de\/"},{"@type":"ListItem","position":2,"name":"Ueber uns","item":"https:\/\/www.bergdalahyttan.se\/de\/ueber-uns\/"},{"@type":"ListItem","position":3,"name":"Blauer Rand"}]},{"@type":"WebSite","@id":"https:\/\/www.bergdalahyttan.se\/de\/#website","url":"https:\/\/www.bergdalahyttan.se\/de\/","name":"Bergdalahyttan","description":"Bruket med bl\u00e5 kant!","potentialAction":[{"@type":"SearchAction","target":{"@type":"EntryPoint","urlTemplate":"https:\/\/www.bergdalahyttan.se\/de\/?s={search_term_string}"},"query-input":{"@type":"PropertyValueSpecification","valueRequired":true,"valueName":"search_term_string"}}],"inLanguage":"de"}]}},"_links":{"self":[{"href":"https:\/\/www.bergdalahyttan.se\/de\/wp-json\/wp\/v2\/pages\/3431","targetHints":{"allow":["GET"]}}],"collection":[{"href":"https:\/\/www.bergdalahyttan.se\/de\/wp-json\/wp\/v2\/pages"}],"about":[{"href":"https:\/\/www.bergdalahyttan.se\/de\/wp-json\/wp\/v2\/types\/page"}],"author":[{"embeddable":true,"href":"https:\/\/www.bergdalahyttan.se\/de\/wp-json\/wp\/v2\/users\/2"}],"replies":[{"embeddable":true,"href":"https:\/\/www.bergdalahyttan.se\/de\/wp-json\/wp\/v2\/comments?post=3431"}],"version-history":[{"count":6,"href":"https:\/\/www.bergdalahyttan.se\/de\/wp-json\/wp\/v2\/pages\/3431\/revisions"}],"predecessor-version":[{"id":4833,"href":"https:\/\/www.bergdalahyttan.se\/de\/wp-json\/wp\/v2\/pages\/3431\/revisions\/4833"}],"up":[{"embeddable":true,"href":"https:\/\/www.bergdalahyttan.se\/de\/wp-json\/wp\/v2\/pages\/3412"}],"wp:attachment":[{"href":"https:\/\/www.bergdalahyttan.se\/de\/wp-json\/wp\/v2\/media?parent=3431"}],"curies":[{"name":"wp","href":"https:\/\/api.w.org\/{rel}","templated":true}]}}