{"id":565,"date":"2023-11-10T14:16:35","date_gmt":"2023-11-10T13:16:35","guid":{"rendered":"https:\/\/www.bergdalahyttan.se\/?post_type=product&#038;p=565"},"modified":"2026-03-25T14:38:37","modified_gmt":"2026-03-25T13:38:37","slug":"juiceglas","status":"publish","type":"product","link":"https:\/\/www.bergdalahyttan.se\/de\/produkt\/juiceglas\/","title":{"rendered":"Juiceglas"},"content":{"rendered":"<h2>Handgjort Glas<\/h2>\n<h5>20 cl<br \/>\nH\u00f6jd: ca:9 cm<br \/>\n\u00d8 ca 7 cm<\/h5>\n<h1>Bl\u00e5 Kant<\/h1>\n<p>P\u00e5 Bergdalahyttan tillverkas den folkk\u00e4ra klassikern Bl\u00e5 Kant som funnits med under brukets alla tider. Sm\u00e5 bl\u00e5sor uppst\u00e5r alltid i tillverkningen av den bl\u00e5a kanten eftersom det bildas luftfickor n\u00e4r den bl\u00e5a kanten l\u00e4ggs p\u00e5. F\u00f6rr sades det att den bl\u00e5 kanten skulle f\u00f6rhindra n\u00e4rg\u00e5ende flugor fr\u00e5n sk\u00e5lar, fat och kannor.<\/p>\n","protected":false},"excerpt":{"rendered":"<h2>Handgjort Glas<\/h2>\n<p>20 cl<br \/>\nH\u00f6jd: ca:9 cm<br \/>\n\u00d8 ca 7 cm<\/p>\n<h1>Bl\u00e5 Kant<\/h1>\n<p>P\u00e5 Bergdalahyttan tillverkas den folkk\u00e4ra klassikern Bl\u00e5 Kant som funnits med under brukets alla tider. Sm\u00e5 bl\u00e5sor uppst\u00e5r alltid i tillverkningen av den bl\u00e5a kanten eftersom det bildas luftfickor n\u00e4r den bl\u00e5a kanten l\u00e4ggs p\u00e5. F\u00f6rr sades det att den bl\u00e5 kanten skulle f\u00f6rhindra n\u00e4rg\u00e5ende flugor fr\u00e5n sk\u00e5lar, fat och kannor.<\/p>\n","protected":false},"featured_media":4246,"comment_status":"open","ping_status":"closed","template":"","meta":{"_et_pb_use_builder":"","_et_pb_old_content":"","_et_gb_content_width":""},"product_brand":[],"product_cat":[52,17],"product_tag":[66,24],"class_list":{"0":"post-565","1":"product","2":"type-product","3":"status-publish","4":"has-post-thumbnail","6":"product_cat-dricksglas","7":"product_cat-bla-kant","8":"product_tag-bla-kant","9":"product_tag-dricksglas","11":"first","12":"instock","13":"shipping-taxable","14":"purchasable","15":"product-type-simple"},"yoast_head":"<!-- This site is optimized with the Yoast SEO plugin v27.0 - https:\/\/yoast.com\/product\/yoast-seo-wordpress\/ -->\n<title>Juiceglas - Bergdalahyttan<\/title>\n<meta name=\"robots\" content=\"index, follow, max-snippet:-1, max-image-preview:large, max-video-preview:-1\" \/>\n<link rel=\"canonical\" href=\"https:\/\/www.bergdalahyttan.se\/de\/produkt\/juiceglas\/\" \/>\n<meta property=\"og:locale\" content=\"de_DE\" \/>\n<meta property=\"og:type\" content=\"article\" \/>\n<meta property=\"og:title\" content=\"Juiceglas - Bergdalahyttan\" \/>\n<meta property=\"og:description\" content=\"Handgjort Glas 20 cl H\u00f6jd: ca:9 cm \u00d8 ca 7 cm Bl\u00e5 Kant P\u00e5 Bergdalahyttan tillverkas den folkk\u00e4ra klassikern Bl\u00e5 Kant som funnits med under brukets alla tider. Sm\u00e5 bl\u00e5sor uppst\u00e5r alltid i tillverkningen av den bl\u00e5a kanten eftersom det bildas luftfickor n\u00e4r den bl\u00e5a kanten l\u00e4ggs p\u00e5. F\u00f6rr sades det att den bl\u00e5 kanten skulle f\u00f6rhindra n\u00e4rg\u00e5ende flugor fr\u00e5n sk\u00e5lar, fat och kannor.\" \/>\n<meta property=\"og:url\" content=\"https:\/\/www.bergdalahyttan.se\/de\/produkt\/juiceglas\/\" \/>\n<meta property=\"og:site_name\" content=\"Bergdalahyttan\" \/>\n<meta property=\"article:modified_time\" content=\"2026-03-25T13:38:37+00:00\" \/>\n<meta property=\"og:image\" content=\"https:\/\/www.bergdalahyttan.se\/wp-content\/uploads\/2025\/02\/52-1-av-3.jpg\" \/>\n\t<meta property=\"og:image:width\" content=\"2560\" \/>\n\t<meta property=\"og:image:height\" content=\"2560\" \/>\n\t<meta property=\"og:image:type\" content=\"image\/jpeg\" \/>\n<meta name=\"twitter:card\" content=\"summary_large_image\" \/>\n<meta name=\"twitter:label1\" content=\"Gesch\u00e4tzte Lesezeit\" \/>\n\t<meta name=\"twitter:data1\" content=\"1\u00a0Minute\" \/>\n<script type=\"application\/ld+json\" class=\"yoast-schema-graph\">{\"@context\":\"https:\/\/schema.org\",\"@graph\":[{\"@type\":\"WebPage\",\"@id\":\"https:\/\/www.bergdalahyttan.se\/de\/produkt\/juiceglas\/\",\"url\":\"https:\/\/www.bergdalahyttan.se\/de\/produkt\/juiceglas\/\",\"name\":\"Juiceglas - Bergdalahyttan\",\"isPartOf\":{\"@id\":\"https:\/\/www.bergdalahyttan.se\/de\/#website\"},\"primaryImageOfPage\":{\"@id\":\"https:\/\/www.bergdalahyttan.se\/de\/produkt\/juiceglas\/#primaryimage\"},\"image\":{\"@id\":\"https:\/\/www.bergdalahyttan.se\/de\/produkt\/juiceglas\/#primaryimage\"},\"thumbnailUrl\":\"https:\/\/www.bergdalahyttan.se\/wp-content\/uploads\/2025\/02\/52-1-av-3.jpg\",\"datePublished\":\"2023-11-10T13:16:35+00:00\",\"dateModified\":\"2026-03-25T13:38:37+00:00\",\"breadcrumb\":{\"@id\":\"https:\/\/www.bergdalahyttan.se\/de\/produkt\/juiceglas\/#breadcrumb\"},\"inLanguage\":\"de\",\"potentialAction\":[{\"@type\":\"ReadAction\",\"target\":[\"https:\/\/www.bergdalahyttan.se\/de\/produkt\/juiceglas\/\"]}]},{\"@type\":\"ImageObject\",\"inLanguage\":\"de\",\"@id\":\"https:\/\/www.bergdalahyttan.se\/de\/produkt\/juiceglas\/#primaryimage\",\"url\":\"https:\/\/www.bergdalahyttan.se\/wp-content\/uploads\/2025\/02\/52-1-av-3.jpg\",\"contentUrl\":\"https:\/\/www.bergdalahyttan.se\/wp-content\/uploads\/2025\/02\/52-1-av-3.jpg\",\"width\":2560,\"height\":2560},{\"@type\":\"BreadcrumbList\",\"@id\":\"https:\/\/www.bergdalahyttan.se\/de\/produkt\/juiceglas\/#breadcrumb\",\"itemListElement\":[{\"@type\":\"ListItem\",\"position\":1,\"name\":\"Hem\",\"item\":\"https:\/\/www.bergdalahyttan.se\/de\/\"},{\"@type\":\"ListItem\",\"position\":2,\"name\":\"Shop\",\"item\":\"https:\/\/www.bergdalahyttan.se\/de\/shop\/\"},{\"@type\":\"ListItem\",\"position\":3,\"name\":\"Juiceglas\"}]},{\"@type\":\"WebSite\",\"@id\":\"https:\/\/www.bergdalahyttan.se\/de\/#website\",\"url\":\"https:\/\/www.bergdalahyttan.se\/de\/\",\"name\":\"Bergdalahyttan\",\"description\":\"Bruket med bl\u00e5 kant!\",\"potentialAction\":[{\"@type\":\"SearchAction\",\"target\":{\"@type\":\"EntryPoint\",\"urlTemplate\":\"https:\/\/www.bergdalahyttan.se\/de\/?s={search_term_string}\"},\"query-input\":{\"@type\":\"PropertyValueSpecification\",\"valueRequired\":true,\"valueName\":\"search_term_string\"}}],\"inLanguage\":\"de\"}]}<\/script>\n<!-- \/ Yoast SEO plugin. -->","yoast_head_json":{"title":"Juiceglas - Bergdalahyttan","robots":{"index":"index","follow":"follow","max-snippet":"max-snippet:-1","max-image-preview":"max-image-preview:large","max-video-preview":"max-video-preview:-1"},"canonical":"https:\/\/www.bergdalahyttan.se\/de\/produkt\/juiceglas\/","og_locale":"de_DE","og_type":"article","og_title":"Juiceglas - Bergdalahyttan","og_description":"Handgjort Glas 20 cl H\u00f6jd: ca:9 cm \u00d8 ca 7 cm Bl\u00e5 Kant P\u00e5 Bergdalahyttan tillverkas den folkk\u00e4ra klassikern Bl\u00e5 Kant som funnits med under brukets alla tider. Sm\u00e5 bl\u00e5sor uppst\u00e5r alltid i tillverkningen av den bl\u00e5a kanten eftersom det bildas luftfickor n\u00e4r den bl\u00e5a kanten l\u00e4ggs p\u00e5. F\u00f6rr sades det att den bl\u00e5 kanten skulle f\u00f6rhindra n\u00e4rg\u00e5ende flugor fr\u00e5n sk\u00e5lar, fat och kannor.","og_url":"https:\/\/www.bergdalahyttan.se\/de\/produkt\/juiceglas\/","og_site_name":"Bergdalahyttan","article_modified_time":"2026-03-25T13:38:37+00:00","og_image":[{"width":2560,"height":2560,"url":"https:\/\/www.bergdalahyttan.se\/wp-content\/uploads\/2025\/02\/52-1-av-3.jpg","type":"image\/jpeg"}],"twitter_card":"summary_large_image","twitter_misc":{"Gesch\u00e4tzte Lesezeit":"1\u00a0Minute"},"schema":{"@context":"https:\/\/schema.org","@graph":[{"@type":"WebPage","@id":"https:\/\/www.bergdalahyttan.se\/de\/produkt\/juiceglas\/","url":"https:\/\/www.bergdalahyttan.se\/de\/produkt\/juiceglas\/","name":"Juiceglas - Bergdalahyttan","isPartOf":{"@id":"https:\/\/www.bergdalahyttan.se\/de\/#website"},"primaryImageOfPage":{"@id":"https:\/\/www.bergdalahyttan.se\/de\/produkt\/juiceglas\/#primaryimage"},"image":{"@id":"https:\/\/www.bergdalahyttan.se\/de\/produkt\/juiceglas\/#primaryimage"},"thumbnailUrl":"https:\/\/www.bergdalahyttan.se\/wp-content\/uploads\/2025\/02\/52-1-av-3.jpg","datePublished":"2023-11-10T13:16:35+00:00","dateModified":"2026-03-25T13:38:37+00:00","breadcrumb":{"@id":"https:\/\/www.bergdalahyttan.se\/de\/produkt\/juiceglas\/#breadcrumb"},"inLanguage":"de","potentialAction":[{"@type":"ReadAction","target":["https:\/\/www.bergdalahyttan.se\/de\/produkt\/juiceglas\/"]}]},{"@type":"ImageObject","inLanguage":"de","@id":"https:\/\/www.bergdalahyttan.se\/de\/produkt\/juiceglas\/#primaryimage","url":"https:\/\/www.bergdalahyttan.se\/wp-content\/uploads\/2025\/02\/52-1-av-3.jpg","contentUrl":"https:\/\/www.bergdalahyttan.se\/wp-content\/uploads\/2025\/02\/52-1-av-3.jpg","width":2560,"height":2560},{"@type":"BreadcrumbList","@id":"https:\/\/www.bergdalahyttan.se\/de\/produkt\/juiceglas\/#breadcrumb","itemListElement":[{"@type":"ListItem","position":1,"name":"Hem","item":"https:\/\/www.bergdalahyttan.se\/de\/"},{"@type":"ListItem","position":2,"name":"Shop","item":"https:\/\/www.bergdalahyttan.se\/de\/shop\/"},{"@type":"ListItem","position":3,"name":"Juiceglas"}]},{"@type":"WebSite","@id":"https:\/\/www.bergdalahyttan.se\/de\/#website","url":"https:\/\/www.bergdalahyttan.se\/de\/","name":"Bergdalahyttan","description":"Bruket med bl\u00e5 kant!","potentialAction":[{"@type":"SearchAction","target":{"@type":"EntryPoint","urlTemplate":"https:\/\/www.bergdalahyttan.se\/de\/?s={search_term_string}"},"query-input":{"@type":"PropertyValueSpecification","valueRequired":true,"valueName":"search_term_string"}}],"inLanguage":"de"}]}},"_links":{"self":[{"href":"https:\/\/www.bergdalahyttan.se\/de\/wp-json\/wp\/v2\/product\/565","targetHints":{"allow":["GET"]}}],"collection":[{"href":"https:\/\/www.bergdalahyttan.se\/de\/wp-json\/wp\/v2\/product"}],"about":[{"href":"https:\/\/www.bergdalahyttan.se\/de\/wp-json\/wp\/v2\/types\/product"}],"replies":[{"embeddable":true,"href":"https:\/\/www.bergdalahyttan.se\/de\/wp-json\/wp\/v2\/comments?post=565"}],"wp:featuredmedia":[{"embeddable":true,"href":"https:\/\/www.bergdalahyttan.se\/de\/wp-json\/wp\/v2\/media\/4246"}],"wp:attachment":[{"href":"https:\/\/www.bergdalahyttan.se\/de\/wp-json\/wp\/v2\/media?parent=565"}],"wp:term":[{"taxonomy":"product_brand","embeddable":true,"href":"https:\/\/www.bergdalahyttan.se\/de\/wp-json\/wp\/v2\/product_brand?post=565"},{"taxonomy":"product_cat","embeddable":true,"href":"https:\/\/www.bergdalahyttan.se\/de\/wp-json\/wp\/v2\/product_cat?post=565"},{"taxonomy":"product_tag","embeddable":true,"href":"https:\/\/www.bergdalahyttan.se\/de\/wp-json\/wp\/v2\/product_tag?post=565"}],"curies":[{"name":"wp","href":"https:\/\/api.w.org\/{rel}","templated":true}]}}