{"id":569,"date":"2023-11-10T14:22:10","date_gmt":"2023-11-10T13:22:10","guid":{"rendered":"https:\/\/www.bergdalahyttan.se\/?post_type=product&#038;p=569"},"modified":"2026-04-16T09:10:53","modified_gmt":"2026-04-16T07:10:53","slug":"kanna-stor-rund","status":"publish","type":"product","link":"https:\/\/www.bergdalahyttan.se\/de\/produkt\/kanna-stor-rund\/","title":{"rendered":"Kanna stor rund"},"content":{"rendered":"<div id=\"tab-description\" class=\"woocommerce-Tabs-panel woocommerce-Tabs-panel--description panel entry-content wc-tab\" role=\"tabpanel\" aria-labelledby=\"tab-title-description\">\n<h2 role=\"tabpanel\" aria-labelledby=\"tab-title-description\"><strong>Handgjort Glas<\/strong><\/h2>\n<div id=\"et-boc\">\n<div class=\"et-l\">\n<div class=\"et_pb_text et_pb_module et_pb_bg_layout_light et_pb_text_align_left et_pb_text_0\">\n<div class=\"et_pb_text_inner\">\n<p>Stor kanna, rund<br \/>\n130 cl<br \/>\nH\u00f6jd: ca 20 cm<br \/>\n\u00d8 ca 12 cm i mynningen.<\/p>\n<h1>Bl\u00e5 Kant<\/h1>\n<p>P\u00e5 Bergdalahyttan tillverkas den folkk\u00e4ra klassikern Bl\u00e5 Kant som funnits med under brukets alla tider. Sm\u00e5 bl\u00e5sor uppst\u00e5r alltid i tillverkningen av den bl\u00e5a kanten eftersom det bildas luftfickor n\u00e4r den bl\u00e5a kanten l\u00e4ggs p\u00e5. F\u00f6rr sades det att den bl\u00e5 kanten skulle f\u00f6rhindra n\u00e4rg\u00e5ende flugor fr\u00e5n sk\u00e5lar, fat och kannor.<\/p>\n<\/div>\n<\/div>\n<\/div>\n<\/div>\n<\/div>\n","protected":false},"excerpt":{"rendered":"<h2>Handgjort Glas<\/h2>\n<p>Stor kanna, rund<br \/>\n130 cl<br \/>\nH\u00f6jd: ca 20 cm<br \/>\n\u00d8 ca 12 cm i mynningen.<\/p>\n","protected":false},"featured_media":4335,"comment_status":"open","ping_status":"closed","template":"","meta":{"_et_pb_use_builder":"off","_et_pb_old_content":"<div id=\"tab-description\" class=\"woocommerce-Tabs-panel woocommerce-Tabs-panel--description panel entry-content wc-tab\" role=\"tabpanel\" aria-labelledby=\"tab-title-description\">\r\n<h2>Beskrivning<\/h2>\r\n<div id=\"et-boc\">\r\n<div class=\"et-l\">\r\n<div class=\"et_pb_text et_pb_module et_pb_bg_layout_light et_pb_text_align_left et_pb_text_0\">\r\n<div class=\"et_pb_text_inner\">\r\n\r\nKanna mellan rund 75 cl H\u00f6jd: ca:17 cm \u00d8 ca 11 cm 1:a sortering\r\n<h1>Bl\u00e5 Kant<\/h1>\r\nP\u00e5 Bergdalahyttan tillverkas den folkk\u00e4ra klassikern Bl\u00e5 Kant som funnits med under brukets alla tider. Sm\u00e5 bl\u00e5sor uppst\u00e5r alltid i tillverkningen av den bl\u00e5a kanten eftersom det bildas luftfickor n\u00e4r den bl\u00e5a kanten l\u00e4ggs p\u00e5. F\u00f6rr sades det att den bl\u00e5 kanten skulle f\u00f6rhindra n\u00e4rg\u00e5ende flugor fr\u00e5n sk\u00e5lar, fat och kannor.\r\n\r\n<\/div>\r\n<\/div>\r\n<\/div>\r\n<\/div>\r\n<\/div>","_et_gb_content_width":""},"product_brand":[],"product_cat":[17],"product_tag":[66,18],"class_list":{"0":"post-569","1":"product","2":"type-product","3":"status-publish","4":"has-post-thumbnail","6":"product_cat-bla-kant","7":"product_tag-bla-kant","8":"product_tag-kanna","10":"first","11":"instock","12":"shipping-taxable","13":"purchasable","14":"product-type-simple"},"yoast_head":"<!-- This site is optimized with the Yoast SEO plugin v27.0 - https:\/\/yoast.com\/product\/yoast-seo-wordpress\/ -->\n<title>Kanna stor rund - Bergdalahyttan<\/title>\n<meta name=\"robots\" content=\"index, follow, max-snippet:-1, max-image-preview:large, max-video-preview:-1\" \/>\n<link rel=\"canonical\" href=\"https:\/\/www.bergdalahyttan.se\/de\/produkt\/kanna-stor-rund\/\" \/>\n<meta property=\"og:locale\" content=\"de_DE\" \/>\n<meta property=\"og:type\" content=\"article\" \/>\n<meta property=\"og:title\" content=\"Kanna stor rund - Bergdalahyttan\" \/>\n<meta property=\"og:description\" content=\"Handgjort Glas Stor kanna, rund 130 cl H\u00f6jd: ca 20 cm \u00d8 ca 12 cm i mynningen.\" \/>\n<meta property=\"og:url\" content=\"https:\/\/www.bergdalahyttan.se\/de\/produkt\/kanna-stor-rund\/\" \/>\n<meta property=\"og:site_name\" content=\"Bergdalahyttan\" \/>\n<meta property=\"article:modified_time\" content=\"2026-04-16T07:10:53+00:00\" \/>\n<meta property=\"og:image\" content=\"https:\/\/www.bergdalahyttan.se\/wp-content\/uploads\/2025\/02\/stor-kanna-rund.jpg\" \/>\n\t<meta property=\"og:image:width\" content=\"2275\" \/>\n\t<meta property=\"og:image:height\" content=\"2560\" \/>\n\t<meta property=\"og:image:type\" content=\"image\/jpeg\" \/>\n<meta name=\"twitter:card\" content=\"summary_large_image\" \/>\n<meta name=\"twitter:label1\" content=\"Gesch\u00e4tzte Lesezeit\" \/>\n\t<meta name=\"twitter:data1\" content=\"1\u00a0Minute\" \/>\n<script type=\"application\/ld+json\" class=\"yoast-schema-graph\">{\"@context\":\"https:\/\/schema.org\",\"@graph\":[{\"@type\":\"WebPage\",\"@id\":\"https:\/\/www.bergdalahyttan.se\/de\/produkt\/kanna-stor-rund\/\",\"url\":\"https:\/\/www.bergdalahyttan.se\/de\/produkt\/kanna-stor-rund\/\",\"name\":\"Kanna stor rund - Bergdalahyttan\",\"isPartOf\":{\"@id\":\"https:\/\/www.bergdalahyttan.se\/de\/#website\"},\"primaryImageOfPage\":{\"@id\":\"https:\/\/www.bergdalahyttan.se\/de\/produkt\/kanna-stor-rund\/#primaryimage\"},\"image\":{\"@id\":\"https:\/\/www.bergdalahyttan.se\/de\/produkt\/kanna-stor-rund\/#primaryimage\"},\"thumbnailUrl\":\"https:\/\/www.bergdalahyttan.se\/wp-content\/uploads\/2025\/02\/stor-kanna-rund.jpg\",\"datePublished\":\"2023-11-10T13:22:10+00:00\",\"dateModified\":\"2026-04-16T07:10:53+00:00\",\"breadcrumb\":{\"@id\":\"https:\/\/www.bergdalahyttan.se\/de\/produkt\/kanna-stor-rund\/#breadcrumb\"},\"inLanguage\":\"de\",\"potentialAction\":[{\"@type\":\"ReadAction\",\"target\":[\"https:\/\/www.bergdalahyttan.se\/de\/produkt\/kanna-stor-rund\/\"]}]},{\"@type\":\"ImageObject\",\"inLanguage\":\"de\",\"@id\":\"https:\/\/www.bergdalahyttan.se\/de\/produkt\/kanna-stor-rund\/#primaryimage\",\"url\":\"https:\/\/www.bergdalahyttan.se\/wp-content\/uploads\/2025\/02\/stor-kanna-rund.jpg\",\"contentUrl\":\"https:\/\/www.bergdalahyttan.se\/wp-content\/uploads\/2025\/02\/stor-kanna-rund.jpg\",\"width\":2275,\"height\":2560},{\"@type\":\"BreadcrumbList\",\"@id\":\"https:\/\/www.bergdalahyttan.se\/de\/produkt\/kanna-stor-rund\/#breadcrumb\",\"itemListElement\":[{\"@type\":\"ListItem\",\"position\":1,\"name\":\"Hem\",\"item\":\"https:\/\/www.bergdalahyttan.se\/de\/\"},{\"@type\":\"ListItem\",\"position\":2,\"name\":\"Shop\",\"item\":\"https:\/\/www.bergdalahyttan.se\/de\/shop\/\"},{\"@type\":\"ListItem\",\"position\":3,\"name\":\"Kanna stor rund\"}]},{\"@type\":\"WebSite\",\"@id\":\"https:\/\/www.bergdalahyttan.se\/de\/#website\",\"url\":\"https:\/\/www.bergdalahyttan.se\/de\/\",\"name\":\"Bergdalahyttan\",\"description\":\"Bruket med bl\u00e5 kant!\",\"potentialAction\":[{\"@type\":\"SearchAction\",\"target\":{\"@type\":\"EntryPoint\",\"urlTemplate\":\"https:\/\/www.bergdalahyttan.se\/de\/?s={search_term_string}\"},\"query-input\":{\"@type\":\"PropertyValueSpecification\",\"valueRequired\":true,\"valueName\":\"search_term_string\"}}],\"inLanguage\":\"de\"}]}<\/script>\n<!-- \/ Yoast SEO plugin. -->","yoast_head_json":{"title":"Kanna stor rund - Bergdalahyttan","robots":{"index":"index","follow":"follow","max-snippet":"max-snippet:-1","max-image-preview":"max-image-preview:large","max-video-preview":"max-video-preview:-1"},"canonical":"https:\/\/www.bergdalahyttan.se\/de\/produkt\/kanna-stor-rund\/","og_locale":"de_DE","og_type":"article","og_title":"Kanna stor rund - Bergdalahyttan","og_description":"Handgjort Glas Stor kanna, rund 130 cl H\u00f6jd: ca 20 cm \u00d8 ca 12 cm i mynningen.","og_url":"https:\/\/www.bergdalahyttan.se\/de\/produkt\/kanna-stor-rund\/","og_site_name":"Bergdalahyttan","article_modified_time":"2026-04-16T07:10:53+00:00","og_image":[{"width":2275,"height":2560,"url":"https:\/\/www.bergdalahyttan.se\/wp-content\/uploads\/2025\/02\/stor-kanna-rund.jpg","type":"image\/jpeg"}],"twitter_card":"summary_large_image","twitter_misc":{"Gesch\u00e4tzte Lesezeit":"1\u00a0Minute"},"schema":{"@context":"https:\/\/schema.org","@graph":[{"@type":"WebPage","@id":"https:\/\/www.bergdalahyttan.se\/de\/produkt\/kanna-stor-rund\/","url":"https:\/\/www.bergdalahyttan.se\/de\/produkt\/kanna-stor-rund\/","name":"Kanna stor rund - Bergdalahyttan","isPartOf":{"@id":"https:\/\/www.bergdalahyttan.se\/de\/#website"},"primaryImageOfPage":{"@id":"https:\/\/www.bergdalahyttan.se\/de\/produkt\/kanna-stor-rund\/#primaryimage"},"image":{"@id":"https:\/\/www.bergdalahyttan.se\/de\/produkt\/kanna-stor-rund\/#primaryimage"},"thumbnailUrl":"https:\/\/www.bergdalahyttan.se\/wp-content\/uploads\/2025\/02\/stor-kanna-rund.jpg","datePublished":"2023-11-10T13:22:10+00:00","dateModified":"2026-04-16T07:10:53+00:00","breadcrumb":{"@id":"https:\/\/www.bergdalahyttan.se\/de\/produkt\/kanna-stor-rund\/#breadcrumb"},"inLanguage":"de","potentialAction":[{"@type":"ReadAction","target":["https:\/\/www.bergdalahyttan.se\/de\/produkt\/kanna-stor-rund\/"]}]},{"@type":"ImageObject","inLanguage":"de","@id":"https:\/\/www.bergdalahyttan.se\/de\/produkt\/kanna-stor-rund\/#primaryimage","url":"https:\/\/www.bergdalahyttan.se\/wp-content\/uploads\/2025\/02\/stor-kanna-rund.jpg","contentUrl":"https:\/\/www.bergdalahyttan.se\/wp-content\/uploads\/2025\/02\/stor-kanna-rund.jpg","width":2275,"height":2560},{"@type":"BreadcrumbList","@id":"https:\/\/www.bergdalahyttan.se\/de\/produkt\/kanna-stor-rund\/#breadcrumb","itemListElement":[{"@type":"ListItem","position":1,"name":"Hem","item":"https:\/\/www.bergdalahyttan.se\/de\/"},{"@type":"ListItem","position":2,"name":"Shop","item":"https:\/\/www.bergdalahyttan.se\/de\/shop\/"},{"@type":"ListItem","position":3,"name":"Kanna stor rund"}]},{"@type":"WebSite","@id":"https:\/\/www.bergdalahyttan.se\/de\/#website","url":"https:\/\/www.bergdalahyttan.se\/de\/","name":"Bergdalahyttan","description":"Bruket med bl\u00e5 kant!","potentialAction":[{"@type":"SearchAction","target":{"@type":"EntryPoint","urlTemplate":"https:\/\/www.bergdalahyttan.se\/de\/?s={search_term_string}"},"query-input":{"@type":"PropertyValueSpecification","valueRequired":true,"valueName":"search_term_string"}}],"inLanguage":"de"}]}},"_links":{"self":[{"href":"https:\/\/www.bergdalahyttan.se\/de\/wp-json\/wp\/v2\/product\/569","targetHints":{"allow":["GET"]}}],"collection":[{"href":"https:\/\/www.bergdalahyttan.se\/de\/wp-json\/wp\/v2\/product"}],"about":[{"href":"https:\/\/www.bergdalahyttan.se\/de\/wp-json\/wp\/v2\/types\/product"}],"replies":[{"embeddable":true,"href":"https:\/\/www.bergdalahyttan.se\/de\/wp-json\/wp\/v2\/comments?post=569"}],"wp:featuredmedia":[{"embeddable":true,"href":"https:\/\/www.bergdalahyttan.se\/de\/wp-json\/wp\/v2\/media\/4335"}],"wp:attachment":[{"href":"https:\/\/www.bergdalahyttan.se\/de\/wp-json\/wp\/v2\/media?parent=569"}],"wp:term":[{"taxonomy":"product_brand","embeddable":true,"href":"https:\/\/www.bergdalahyttan.se\/de\/wp-json\/wp\/v2\/product_brand?post=569"},{"taxonomy":"product_cat","embeddable":true,"href":"https:\/\/www.bergdalahyttan.se\/de\/wp-json\/wp\/v2\/product_cat?post=569"},{"taxonomy":"product_tag","embeddable":true,"href":"https:\/\/www.bergdalahyttan.se\/de\/wp-json\/wp\/v2\/product_tag?post=569"}],"curies":[{"name":"wp","href":"https:\/\/api.w.org\/{rel}","templated":true}]}}