{"id":890,"date":"2023-12-06T14:30:48","date_gmt":"2023-12-06T13:30:48","guid":{"rendered":"https:\/\/www.bergdalahyttan.se\/?post_type=product&#038;p=890"},"modified":"2025-05-05T10:29:31","modified_gmt":"2025-05-05T08:29:31","slug":"lackra-ljuslykta-lag-bla-vit","status":"publish","type":"product","link":"https:\/\/www.bergdalahyttan.se\/de\/produkt\/lackra-ljuslykta-lag-bla-vit\/","title":{"rendered":"L\u00e4ckra ljuslykta l\u00e5g Bl\u00e5\/vit"},"content":{"rendered":"<p class=\"p1\">L\u00e4ckra ljuslykta vit\/bl\u00e5<br \/>\nH\u00f6jd: ca 5 cm<br \/>\n\u00d8 ca 8 cm<\/p>\n<p>M\u00f6nster p\u00e5 produkten kan variera<\/p>\n<p>Design: Bergdalahyttan<\/p>\n","protected":false},"excerpt":{"rendered":"<p class=\"p1\">H\u00f6jd: ca 5 cm<br \/>\n\u00d8 ca 8 cm<\/p>\n<p>M\u00f6nster p\u00e5 produkten kan variera<\/p>\n<p>Design: Bergdalahyttan<\/p>\n","protected":false},"featured_media":4373,"comment_status":"closed","ping_status":"closed","template":"","meta":{"_et_pb_use_builder":"","_et_pb_old_content":"","_et_gb_content_width":""},"product_brand":[],"product_cat":[31],"product_tag":[32],"class_list":{"0":"post-890","1":"product","2":"type-product","3":"status-publish","4":"has-post-thumbnail","6":"product_cat-ljuslyktor","7":"product_tag-ljuslyktor","9":"first","10":"instock","11":"shipping-taxable","12":"purchasable","13":"product-type-simple"},"yoast_head":"<!-- This site is optimized with the Yoast SEO plugin v27.0 - https:\/\/yoast.com\/product\/yoast-seo-wordpress\/ -->\n<title>L\u00e4ckra ljuslykta l\u00e5g Bl\u00e5\/vit - Bergdalahyttan<\/title>\n<meta name=\"robots\" content=\"index, follow, max-snippet:-1, max-image-preview:large, max-video-preview:-1\" \/>\n<link rel=\"canonical\" href=\"https:\/\/www.bergdalahyttan.se\/de\/produkt\/lackra-ljuslykta-lag-bla-vit\/\" \/>\n<meta property=\"og:locale\" content=\"de_DE\" \/>\n<meta property=\"og:type\" content=\"article\" \/>\n<meta property=\"og:title\" content=\"L\u00e4ckra ljuslykta l\u00e5g Bl\u00e5\/vit - Bergdalahyttan\" \/>\n<meta property=\"og:description\" content=\"H\u00f6jd: ca 5 cm \u00d8 ca 8 cm   M\u00f6nster p\u00e5 produkten kan variera  Design: Bergdalahyttan\" \/>\n<meta property=\"og:url\" content=\"https:\/\/www.bergdalahyttan.se\/de\/produkt\/lackra-ljuslykta-lag-bla-vit\/\" \/>\n<meta property=\"og:site_name\" content=\"Bergdalahyttan\" \/>\n<meta property=\"article:modified_time\" content=\"2025-05-05T08:29:31+00:00\" \/>\n<meta property=\"og:image\" content=\"https:\/\/www.bergdalahyttan.se\/wp-content\/uploads\/2025\/02\/Lackra-ljuslykta-lag-vit-bla.jpg\" \/>\n\t<meta property=\"og:image:width\" content=\"2560\" \/>\n\t<meta property=\"og:image:height\" content=\"2545\" \/>\n\t<meta property=\"og:image:type\" content=\"image\/jpeg\" \/>\n<meta name=\"twitter:card\" content=\"summary_large_image\" \/>\n<meta name=\"twitter:label1\" content=\"Gesch\u00e4tzte Lesezeit\" \/>\n\t<meta name=\"twitter:data1\" content=\"1\u00a0Minute\" \/>\n<script type=\"application\/ld+json\" class=\"yoast-schema-graph\">{\"@context\":\"https:\/\/schema.org\",\"@graph\":[{\"@type\":\"WebPage\",\"@id\":\"https:\/\/www.bergdalahyttan.se\/de\/produkt\/lackra-ljuslykta-lag-bla-vit\/\",\"url\":\"https:\/\/www.bergdalahyttan.se\/de\/produkt\/lackra-ljuslykta-lag-bla-vit\/\",\"name\":\"L\u00e4ckra ljuslykta l\u00e5g Bl\u00e5\/vit - Bergdalahyttan\",\"isPartOf\":{\"@id\":\"https:\/\/www.bergdalahyttan.se\/de\/#website\"},\"primaryImageOfPage\":{\"@id\":\"https:\/\/www.bergdalahyttan.se\/de\/produkt\/lackra-ljuslykta-lag-bla-vit\/#primaryimage\"},\"image\":{\"@id\":\"https:\/\/www.bergdalahyttan.se\/de\/produkt\/lackra-ljuslykta-lag-bla-vit\/#primaryimage\"},\"thumbnailUrl\":\"https:\/\/www.bergdalahyttan.se\/wp-content\/uploads\/2025\/02\/Lackra-ljuslykta-lag-vit-bla.jpg\",\"datePublished\":\"2023-12-06T13:30:48+00:00\",\"dateModified\":\"2025-05-05T08:29:31+00:00\",\"breadcrumb\":{\"@id\":\"https:\/\/www.bergdalahyttan.se\/de\/produkt\/lackra-ljuslykta-lag-bla-vit\/#breadcrumb\"},\"inLanguage\":\"de\",\"potentialAction\":[{\"@type\":\"ReadAction\",\"target\":[\"https:\/\/www.bergdalahyttan.se\/de\/produkt\/lackra-ljuslykta-lag-bla-vit\/\"]}]},{\"@type\":\"ImageObject\",\"inLanguage\":\"de\",\"@id\":\"https:\/\/www.bergdalahyttan.se\/de\/produkt\/lackra-ljuslykta-lag-bla-vit\/#primaryimage\",\"url\":\"https:\/\/www.bergdalahyttan.se\/wp-content\/uploads\/2025\/02\/Lackra-ljuslykta-lag-vit-bla.jpg\",\"contentUrl\":\"https:\/\/www.bergdalahyttan.se\/wp-content\/uploads\/2025\/02\/Lackra-ljuslykta-lag-vit-bla.jpg\",\"width\":2560,\"height\":2545},{\"@type\":\"BreadcrumbList\",\"@id\":\"https:\/\/www.bergdalahyttan.se\/de\/produkt\/lackra-ljuslykta-lag-bla-vit\/#breadcrumb\",\"itemListElement\":[{\"@type\":\"ListItem\",\"position\":1,\"name\":\"Hem\",\"item\":\"https:\/\/www.bergdalahyttan.se\/de\/\"},{\"@type\":\"ListItem\",\"position\":2,\"name\":\"Shop\",\"item\":\"https:\/\/www.bergdalahyttan.se\/de\/shop\/\"},{\"@type\":\"ListItem\",\"position\":3,\"name\":\"L\u00e4ckra ljuslykta l\u00e5g Bl\u00e5\/vit\"}]},{\"@type\":\"WebSite\",\"@id\":\"https:\/\/www.bergdalahyttan.se\/de\/#website\",\"url\":\"https:\/\/www.bergdalahyttan.se\/de\/\",\"name\":\"Bergdalahyttan\",\"description\":\"Bruket med bl\u00e5 kant!\",\"potentialAction\":[{\"@type\":\"SearchAction\",\"target\":{\"@type\":\"EntryPoint\",\"urlTemplate\":\"https:\/\/www.bergdalahyttan.se\/de\/?s={search_term_string}\"},\"query-input\":{\"@type\":\"PropertyValueSpecification\",\"valueRequired\":true,\"valueName\":\"search_term_string\"}}],\"inLanguage\":\"de\"}]}<\/script>\n<!-- \/ Yoast SEO plugin. -->","yoast_head_json":{"title":"L\u00e4ckra ljuslykta l\u00e5g Bl\u00e5\/vit - Bergdalahyttan","robots":{"index":"index","follow":"follow","max-snippet":"max-snippet:-1","max-image-preview":"max-image-preview:large","max-video-preview":"max-video-preview:-1"},"canonical":"https:\/\/www.bergdalahyttan.se\/de\/produkt\/lackra-ljuslykta-lag-bla-vit\/","og_locale":"de_DE","og_type":"article","og_title":"L\u00e4ckra ljuslykta l\u00e5g Bl\u00e5\/vit - Bergdalahyttan","og_description":"H\u00f6jd: ca 5 cm \u00d8 ca 8 cm   M\u00f6nster p\u00e5 produkten kan variera  Design: Bergdalahyttan","og_url":"https:\/\/www.bergdalahyttan.se\/de\/produkt\/lackra-ljuslykta-lag-bla-vit\/","og_site_name":"Bergdalahyttan","article_modified_time":"2025-05-05T08:29:31+00:00","og_image":[{"width":2560,"height":2545,"url":"https:\/\/www.bergdalahyttan.se\/wp-content\/uploads\/2025\/02\/Lackra-ljuslykta-lag-vit-bla.jpg","type":"image\/jpeg"}],"twitter_card":"summary_large_image","twitter_misc":{"Gesch\u00e4tzte Lesezeit":"1\u00a0Minute"},"schema":{"@context":"https:\/\/schema.org","@graph":[{"@type":"WebPage","@id":"https:\/\/www.bergdalahyttan.se\/de\/produkt\/lackra-ljuslykta-lag-bla-vit\/","url":"https:\/\/www.bergdalahyttan.se\/de\/produkt\/lackra-ljuslykta-lag-bla-vit\/","name":"L\u00e4ckra ljuslykta l\u00e5g Bl\u00e5\/vit - Bergdalahyttan","isPartOf":{"@id":"https:\/\/www.bergdalahyttan.se\/de\/#website"},"primaryImageOfPage":{"@id":"https:\/\/www.bergdalahyttan.se\/de\/produkt\/lackra-ljuslykta-lag-bla-vit\/#primaryimage"},"image":{"@id":"https:\/\/www.bergdalahyttan.se\/de\/produkt\/lackra-ljuslykta-lag-bla-vit\/#primaryimage"},"thumbnailUrl":"https:\/\/www.bergdalahyttan.se\/wp-content\/uploads\/2025\/02\/Lackra-ljuslykta-lag-vit-bla.jpg","datePublished":"2023-12-06T13:30:48+00:00","dateModified":"2025-05-05T08:29:31+00:00","breadcrumb":{"@id":"https:\/\/www.bergdalahyttan.se\/de\/produkt\/lackra-ljuslykta-lag-bla-vit\/#breadcrumb"},"inLanguage":"de","potentialAction":[{"@type":"ReadAction","target":["https:\/\/www.bergdalahyttan.se\/de\/produkt\/lackra-ljuslykta-lag-bla-vit\/"]}]},{"@type":"ImageObject","inLanguage":"de","@id":"https:\/\/www.bergdalahyttan.se\/de\/produkt\/lackra-ljuslykta-lag-bla-vit\/#primaryimage","url":"https:\/\/www.bergdalahyttan.se\/wp-content\/uploads\/2025\/02\/Lackra-ljuslykta-lag-vit-bla.jpg","contentUrl":"https:\/\/www.bergdalahyttan.se\/wp-content\/uploads\/2025\/02\/Lackra-ljuslykta-lag-vit-bla.jpg","width":2560,"height":2545},{"@type":"BreadcrumbList","@id":"https:\/\/www.bergdalahyttan.se\/de\/produkt\/lackra-ljuslykta-lag-bla-vit\/#breadcrumb","itemListElement":[{"@type":"ListItem","position":1,"name":"Hem","item":"https:\/\/www.bergdalahyttan.se\/de\/"},{"@type":"ListItem","position":2,"name":"Shop","item":"https:\/\/www.bergdalahyttan.se\/de\/shop\/"},{"@type":"ListItem","position":3,"name":"L\u00e4ckra ljuslykta l\u00e5g Bl\u00e5\/vit"}]},{"@type":"WebSite","@id":"https:\/\/www.bergdalahyttan.se\/de\/#website","url":"https:\/\/www.bergdalahyttan.se\/de\/","name":"Bergdalahyttan","description":"Bruket med bl\u00e5 kant!","potentialAction":[{"@type":"SearchAction","target":{"@type":"EntryPoint","urlTemplate":"https:\/\/www.bergdalahyttan.se\/de\/?s={search_term_string}"},"query-input":{"@type":"PropertyValueSpecification","valueRequired":true,"valueName":"search_term_string"}}],"inLanguage":"de"}]}},"_links":{"self":[{"href":"https:\/\/www.bergdalahyttan.se\/de\/wp-json\/wp\/v2\/product\/890","targetHints":{"allow":["GET"]}}],"collection":[{"href":"https:\/\/www.bergdalahyttan.se\/de\/wp-json\/wp\/v2\/product"}],"about":[{"href":"https:\/\/www.bergdalahyttan.se\/de\/wp-json\/wp\/v2\/types\/product"}],"replies":[{"embeddable":true,"href":"https:\/\/www.bergdalahyttan.se\/de\/wp-json\/wp\/v2\/comments?post=890"}],"wp:featuredmedia":[{"embeddable":true,"href":"https:\/\/www.bergdalahyttan.se\/de\/wp-json\/wp\/v2\/media\/4373"}],"wp:attachment":[{"href":"https:\/\/www.bergdalahyttan.se\/de\/wp-json\/wp\/v2\/media?parent=890"}],"wp:term":[{"taxonomy":"product_brand","embeddable":true,"href":"https:\/\/www.bergdalahyttan.se\/de\/wp-json\/wp\/v2\/product_brand?post=890"},{"taxonomy":"product_cat","embeddable":true,"href":"https:\/\/www.bergdalahyttan.se\/de\/wp-json\/wp\/v2\/product_cat?post=890"},{"taxonomy":"product_tag","embeddable":true,"href":"https:\/\/www.bergdalahyttan.se\/de\/wp-json\/wp\/v2\/product_tag?post=890"}],"curies":[{"name":"wp","href":"https:\/\/api.w.org\/{rel}","templated":true}]}}