{"id":911,"date":"2023-12-06T14:55:33","date_gmt":"2023-12-06T13:55:33","guid":{"rendered":"https:\/\/www.bergdalahyttan.se\/?post_type=product&#038;p=911"},"modified":"2025-12-17T10:23:36","modified_gmt":"2025-12-17T09:23:36","slug":"putte-mellan","status":"publish","type":"product","link":"https:\/\/www.bergdalahyttan.se\/de\/produkt\/putte-mellan\/","title":{"rendered":"Putte-Tomte mellan"},"content":{"rendered":"<p class=\"p1\">Handgjort<\/p>\n<p class=\"p1\">Putte mellan<br \/>\nH\u00f6jd: ca 18 cm<br \/>\nBredd: ca 6 cm<\/p>\n<p>M\u00f6nster p\u00e5 produkten kan variera.<\/p>\n<p class=\"p1\">Design: Ulla-Carin Bergqvist<\/p>\n","protected":false},"excerpt":{"rendered":"<p class=\"p1\">Handgjort<\/p>\n<p class=\"p1\">H\u00f6jd: ca 20 cm<br \/>\nBredd: ca 6 cm<\/p>\n<p>M\u00f6nster p\u00e5 produkten kan variera.<\/p>\n<p class=\"p1\">Design: Ulla-Carin Bergqvist<\/p>\n","protected":false},"featured_media":4558,"comment_status":"closed","ping_status":"closed","template":"","meta":{"_et_pb_use_builder":"","_et_pb_old_content":"","_et_gb_content_width":""},"product_brand":[],"product_cat":[35],"product_tag":[36],"class_list":{"0":"post-911","1":"product","2":"type-product","3":"status-publish","4":"has-post-thumbnail","6":"product_cat-tomtar-putte","7":"product_tag-tomtar","9":"first","10":"instock","11":"shipping-taxable","12":"purchasable","13":"product-type-simple"},"yoast_head":"<!-- This site is optimized with the Yoast SEO plugin v27.0 - https:\/\/yoast.com\/product\/yoast-seo-wordpress\/ -->\n<title>Putte-Tomte mellan - Bergdalahyttan<\/title>\n<meta name=\"robots\" content=\"index, follow, max-snippet:-1, max-image-preview:large, max-video-preview:-1\" \/>\n<link rel=\"canonical\" href=\"https:\/\/www.bergdalahyttan.se\/de\/produkt\/putte-mellan\/\" \/>\n<meta property=\"og:locale\" content=\"de_DE\" \/>\n<meta property=\"og:type\" content=\"article\" \/>\n<meta property=\"og:title\" content=\"Putte-Tomte mellan - Bergdalahyttan\" \/>\n<meta property=\"og:description\" content=\"Handgjort H\u00f6jd: ca 20 cm Bredd: ca 6 cm M\u00f6nster p\u00e5 produkten kan variera. Design: Ulla-Carin Bergqvist\" \/>\n<meta property=\"og:url\" content=\"https:\/\/www.bergdalahyttan.se\/de\/produkt\/putte-mellan\/\" \/>\n<meta property=\"og:site_name\" content=\"Bergdalahyttan\" \/>\n<meta property=\"article:modified_time\" content=\"2025-12-17T09:23:36+00:00\" \/>\n<meta property=\"og:image\" content=\"https:\/\/www.bergdalahyttan.se\/wp-content\/uploads\/2023\/12\/56-mellan-1-av-5.jpg\" \/>\n\t<meta property=\"og:image:width\" content=\"2560\" \/>\n\t<meta property=\"og:image:height\" content=\"2560\" \/>\n\t<meta property=\"og:image:type\" content=\"image\/jpeg\" \/>\n<meta name=\"twitter:card\" content=\"summary_large_image\" \/>\n<meta name=\"twitter:label1\" content=\"Gesch\u00e4tzte Lesezeit\" \/>\n\t<meta name=\"twitter:data1\" content=\"1\u00a0Minute\" \/>\n<script type=\"application\/ld+json\" class=\"yoast-schema-graph\">{\"@context\":\"https:\/\/schema.org\",\"@graph\":[{\"@type\":\"WebPage\",\"@id\":\"https:\/\/www.bergdalahyttan.se\/de\/produkt\/putte-mellan\/\",\"url\":\"https:\/\/www.bergdalahyttan.se\/de\/produkt\/putte-mellan\/\",\"name\":\"Putte-Tomte mellan - Bergdalahyttan\",\"isPartOf\":{\"@id\":\"https:\/\/www.bergdalahyttan.se\/de\/#website\"},\"primaryImageOfPage\":{\"@id\":\"https:\/\/www.bergdalahyttan.se\/de\/produkt\/putte-mellan\/#primaryimage\"},\"image\":{\"@id\":\"https:\/\/www.bergdalahyttan.se\/de\/produkt\/putte-mellan\/#primaryimage\"},\"thumbnailUrl\":\"https:\/\/www.bergdalahyttan.se\/wp-content\/uploads\/2023\/12\/56-mellan-1-av-5.jpg\",\"datePublished\":\"2023-12-06T13:55:33+00:00\",\"dateModified\":\"2025-12-17T09:23:36+00:00\",\"breadcrumb\":{\"@id\":\"https:\/\/www.bergdalahyttan.se\/de\/produkt\/putte-mellan\/#breadcrumb\"},\"inLanguage\":\"de\",\"potentialAction\":[{\"@type\":\"ReadAction\",\"target\":[\"https:\/\/www.bergdalahyttan.se\/de\/produkt\/putte-mellan\/\"]}]},{\"@type\":\"ImageObject\",\"inLanguage\":\"de\",\"@id\":\"https:\/\/www.bergdalahyttan.se\/de\/produkt\/putte-mellan\/#primaryimage\",\"url\":\"https:\/\/www.bergdalahyttan.se\/wp-content\/uploads\/2023\/12\/56-mellan-1-av-5.jpg\",\"contentUrl\":\"https:\/\/www.bergdalahyttan.se\/wp-content\/uploads\/2023\/12\/56-mellan-1-av-5.jpg\",\"width\":2560,\"height\":2560},{\"@type\":\"BreadcrumbList\",\"@id\":\"https:\/\/www.bergdalahyttan.se\/de\/produkt\/putte-mellan\/#breadcrumb\",\"itemListElement\":[{\"@type\":\"ListItem\",\"position\":1,\"name\":\"Hem\",\"item\":\"https:\/\/www.bergdalahyttan.se\/de\/\"},{\"@type\":\"ListItem\",\"position\":2,\"name\":\"Shop\",\"item\":\"https:\/\/www.bergdalahyttan.se\/de\/shop\/\"},{\"@type\":\"ListItem\",\"position\":3,\"name\":\"Putte-Tomte mellan\"}]},{\"@type\":\"WebSite\",\"@id\":\"https:\/\/www.bergdalahyttan.se\/de\/#website\",\"url\":\"https:\/\/www.bergdalahyttan.se\/de\/\",\"name\":\"Bergdalahyttan\",\"description\":\"Bruket med bl\u00e5 kant!\",\"potentialAction\":[{\"@type\":\"SearchAction\",\"target\":{\"@type\":\"EntryPoint\",\"urlTemplate\":\"https:\/\/www.bergdalahyttan.se\/de\/?s={search_term_string}\"},\"query-input\":{\"@type\":\"PropertyValueSpecification\",\"valueRequired\":true,\"valueName\":\"search_term_string\"}}],\"inLanguage\":\"de\"}]}<\/script>\n<!-- \/ Yoast SEO plugin. -->","yoast_head_json":{"title":"Putte-Tomte mellan - Bergdalahyttan","robots":{"index":"index","follow":"follow","max-snippet":"max-snippet:-1","max-image-preview":"max-image-preview:large","max-video-preview":"max-video-preview:-1"},"canonical":"https:\/\/www.bergdalahyttan.se\/de\/produkt\/putte-mellan\/","og_locale":"de_DE","og_type":"article","og_title":"Putte-Tomte mellan - Bergdalahyttan","og_description":"Handgjort H\u00f6jd: ca 20 cm Bredd: ca 6 cm M\u00f6nster p\u00e5 produkten kan variera. Design: Ulla-Carin Bergqvist","og_url":"https:\/\/www.bergdalahyttan.se\/de\/produkt\/putte-mellan\/","og_site_name":"Bergdalahyttan","article_modified_time":"2025-12-17T09:23:36+00:00","og_image":[{"width":2560,"height":2560,"url":"https:\/\/www.bergdalahyttan.se\/wp-content\/uploads\/2023\/12\/56-mellan-1-av-5.jpg","type":"image\/jpeg"}],"twitter_card":"summary_large_image","twitter_misc":{"Gesch\u00e4tzte Lesezeit":"1\u00a0Minute"},"schema":{"@context":"https:\/\/schema.org","@graph":[{"@type":"WebPage","@id":"https:\/\/www.bergdalahyttan.se\/de\/produkt\/putte-mellan\/","url":"https:\/\/www.bergdalahyttan.se\/de\/produkt\/putte-mellan\/","name":"Putte-Tomte mellan - Bergdalahyttan","isPartOf":{"@id":"https:\/\/www.bergdalahyttan.se\/de\/#website"},"primaryImageOfPage":{"@id":"https:\/\/www.bergdalahyttan.se\/de\/produkt\/putte-mellan\/#primaryimage"},"image":{"@id":"https:\/\/www.bergdalahyttan.se\/de\/produkt\/putte-mellan\/#primaryimage"},"thumbnailUrl":"https:\/\/www.bergdalahyttan.se\/wp-content\/uploads\/2023\/12\/56-mellan-1-av-5.jpg","datePublished":"2023-12-06T13:55:33+00:00","dateModified":"2025-12-17T09:23:36+00:00","breadcrumb":{"@id":"https:\/\/www.bergdalahyttan.se\/de\/produkt\/putte-mellan\/#breadcrumb"},"inLanguage":"de","potentialAction":[{"@type":"ReadAction","target":["https:\/\/www.bergdalahyttan.se\/de\/produkt\/putte-mellan\/"]}]},{"@type":"ImageObject","inLanguage":"de","@id":"https:\/\/www.bergdalahyttan.se\/de\/produkt\/putte-mellan\/#primaryimage","url":"https:\/\/www.bergdalahyttan.se\/wp-content\/uploads\/2023\/12\/56-mellan-1-av-5.jpg","contentUrl":"https:\/\/www.bergdalahyttan.se\/wp-content\/uploads\/2023\/12\/56-mellan-1-av-5.jpg","width":2560,"height":2560},{"@type":"BreadcrumbList","@id":"https:\/\/www.bergdalahyttan.se\/de\/produkt\/putte-mellan\/#breadcrumb","itemListElement":[{"@type":"ListItem","position":1,"name":"Hem","item":"https:\/\/www.bergdalahyttan.se\/de\/"},{"@type":"ListItem","position":2,"name":"Shop","item":"https:\/\/www.bergdalahyttan.se\/de\/shop\/"},{"@type":"ListItem","position":3,"name":"Putte-Tomte mellan"}]},{"@type":"WebSite","@id":"https:\/\/www.bergdalahyttan.se\/de\/#website","url":"https:\/\/www.bergdalahyttan.se\/de\/","name":"Bergdalahyttan","description":"Bruket med bl\u00e5 kant!","potentialAction":[{"@type":"SearchAction","target":{"@type":"EntryPoint","urlTemplate":"https:\/\/www.bergdalahyttan.se\/de\/?s={search_term_string}"},"query-input":{"@type":"PropertyValueSpecification","valueRequired":true,"valueName":"search_term_string"}}],"inLanguage":"de"}]}},"_links":{"self":[{"href":"https:\/\/www.bergdalahyttan.se\/de\/wp-json\/wp\/v2\/product\/911","targetHints":{"allow":["GET"]}}],"collection":[{"href":"https:\/\/www.bergdalahyttan.se\/de\/wp-json\/wp\/v2\/product"}],"about":[{"href":"https:\/\/www.bergdalahyttan.se\/de\/wp-json\/wp\/v2\/types\/product"}],"replies":[{"embeddable":true,"href":"https:\/\/www.bergdalahyttan.se\/de\/wp-json\/wp\/v2\/comments?post=911"}],"wp:featuredmedia":[{"embeddable":true,"href":"https:\/\/www.bergdalahyttan.se\/de\/wp-json\/wp\/v2\/media\/4558"}],"wp:attachment":[{"href":"https:\/\/www.bergdalahyttan.se\/de\/wp-json\/wp\/v2\/media?parent=911"}],"wp:term":[{"taxonomy":"product_brand","embeddable":true,"href":"https:\/\/www.bergdalahyttan.se\/de\/wp-json\/wp\/v2\/product_brand?post=911"},{"taxonomy":"product_cat","embeddable":true,"href":"https:\/\/www.bergdalahyttan.se\/de\/wp-json\/wp\/v2\/product_cat?post=911"},{"taxonomy":"product_tag","embeddable":true,"href":"https:\/\/www.bergdalahyttan.se\/de\/wp-json\/wp\/v2\/product_tag?post=911"}],"curies":[{"name":"wp","href":"https:\/\/api.w.org\/{rel}","templated":true}]}}