{"id":204,"date":"2023-11-06T15:54:02","date_gmt":"2023-11-06T14:54:02","guid":{"rendered":"https:\/\/www.bergdalahyttan.se\/?post_type=product&#038;p=204"},"modified":"2026-03-21T11:54:26","modified_gmt":"2026-03-21T10:54:26","slug":"filbunke-paket-6-st-10-rabatt","status":"publish","type":"product","link":"https:\/\/www.bergdalahyttan.se\/en\/produkt\/filbunke-paket-6-st-10-rabatt\/","title":{"rendered":"Filbunke paket 6 st. 10% rabatt"},"content":{"rendered":"<h2 role=\"tabpanel\" aria-labelledby=\"tab-title-description\"><strong>Handgjort Glas<\/strong><\/h2>\n<p>Filbunke<br \/>\nH\u00f6jd: ca 7 cm<br \/>\n\u00d8 ca 15 cm<\/p>\n<h1>Bl\u00e5 Kant<\/h1>\n<p>P\u00e5 Bergdalahyttan tillverkas den folkk\u00e4ra klassikern Bl\u00e5 Kant som funnits med under brukets alla tider. Sm\u00e5 bl\u00e5sor uppst\u00e5r alltid i tillverkningen av den bl\u00e5a kanten eftersom det bildas luftfickor n\u00e4r den bl\u00e5a kanten l\u00e4ggs p\u00e5. F\u00f6rr sades det att den bl\u00e5 kanten skulle f\u00f6rhindra n\u00e4rg\u00e5ende flugor fr\u00e5n sk\u00e5lar, fat och kannor.<\/p>\n","protected":false},"excerpt":{"rendered":"<h2 role=\"tabpanel\" aria-labelledby=\"tab-title-description\"><strong>Handgjort Glas<\/strong><\/h2>\n<p>Filbunke<br \/>\nH\u00f6jd: ca 7 cm<br \/>\n\u00d8 ca 15 cm<\/p>\n<h1>Bl\u00e5 Kant<\/h1>\n<p>P\u00e5 Bergdalahyttan tillverkas den folkk\u00e4ra klassikern Bl\u00e5 Kant som funnits med under brukets alla tider. Sm\u00e5 bl\u00e5sor uppst\u00e5r alltid i tillverkningen av den bl\u00e5a kanten eftersom det bildas luftfickor n\u00e4r den bl\u00e5a kanten l\u00e4ggs p\u00e5. F\u00f6rr sades det att den bl\u00e5 kanten skulle f\u00f6rhindra n\u00e4rg\u00e5ende flugor fr\u00e5n sk\u00e5lar, fat och kannor.<\/p>\n","protected":false},"featured_media":4672,"comment_status":"open","ping_status":"closed","template":"","meta":{"_et_pb_use_builder":"","_et_pb_old_content":"","_et_gb_content_width":""},"product_brand":[],"product_cat":[53,17],"product_tag":[66,19,54],"class_list":{"0":"post-204","1":"product","2":"type-product","3":"status-publish","4":"has-post-thumbnail","6":"product_cat-skalar","7":"product_cat-bla-kant","8":"product_tag-bla-kant","9":"product_tag-filbunke","10":"product_tag-skalar","12":"first","13":"instock","14":"shipping-taxable","15":"purchasable","16":"product-type-simple"},"yoast_head":"<!-- This site is optimized with the Yoast SEO plugin v27.0 - https:\/\/yoast.com\/product\/yoast-seo-wordpress\/ -->\n<title>Filbunke paket 6 st. 10% rabatt - Bergdalahyttan<\/title>\n<meta name=\"robots\" content=\"index, follow, max-snippet:-1, max-image-preview:large, max-video-preview:-1\" \/>\n<link rel=\"canonical\" href=\"https:\/\/www.bergdalahyttan.se\/en\/produkt\/filbunke-paket-6-st-10-rabatt\/\" \/>\n<meta property=\"og:locale\" content=\"en_US\" \/>\n<meta property=\"og:type\" content=\"article\" \/>\n<meta property=\"og:title\" content=\"Filbunke paket 6 st. 10% rabatt - Bergdalahyttan\" \/>\n<meta property=\"og:description\" content=\"Handgjort Glas Filbunke H\u00f6jd: ca 7 cm \u00d8 ca 15 cm Bl\u00e5 Kant P\u00e5 Bergdalahyttan tillverkas den folkk\u00e4ra klassikern Bl\u00e5 Kant som funnits med under brukets alla tider. Sm\u00e5 bl\u00e5sor uppst\u00e5r alltid i tillverkningen av den bl\u00e5a kanten eftersom det bildas luftfickor n\u00e4r den bl\u00e5a kanten l\u00e4ggs p\u00e5. F\u00f6rr sades det att den bl\u00e5 kanten skulle f\u00f6rhindra n\u00e4rg\u00e5ende flugor fr\u00e5n sk\u00e5lar, fat och kannor.\" \/>\n<meta property=\"og:url\" content=\"https:\/\/www.bergdalahyttan.se\/en\/produkt\/filbunke-paket-6-st-10-rabatt\/\" \/>\n<meta property=\"og:site_name\" content=\"Bergdalahyttan\" \/>\n<meta property=\"article:modified_time\" content=\"2026-03-21T10:54:26+00:00\" \/>\n<meta property=\"og:image\" content=\"https:\/\/www.bergdalahyttan.se\/wp-content\/uploads\/2023\/11\/43-1-av-4.jpg\" \/>\n\t<meta property=\"og:image:width\" content=\"2560\" \/>\n\t<meta property=\"og:image:height\" content=\"2560\" \/>\n\t<meta property=\"og:image:type\" content=\"image\/jpeg\" \/>\n<meta name=\"twitter:card\" content=\"summary_large_image\" \/>\n<meta name=\"twitter:label1\" content=\"Est. reading time\" \/>\n\t<meta name=\"twitter:data1\" content=\"1 minute\" \/>\n<script type=\"application\/ld+json\" class=\"yoast-schema-graph\">{\"@context\":\"https:\/\/schema.org\",\"@graph\":[{\"@type\":\"WebPage\",\"@id\":\"https:\/\/www.bergdalahyttan.se\/en\/produkt\/filbunke-paket-6-st-10-rabatt\/\",\"url\":\"https:\/\/www.bergdalahyttan.se\/en\/produkt\/filbunke-paket-6-st-10-rabatt\/\",\"name\":\"Filbunke paket 6 st. 10% rabatt - Bergdalahyttan\",\"isPartOf\":{\"@id\":\"https:\/\/www.bergdalahyttan.se\/en\/#website\"},\"primaryImageOfPage\":{\"@id\":\"https:\/\/www.bergdalahyttan.se\/en\/produkt\/filbunke-paket-6-st-10-rabatt\/#primaryimage\"},\"image\":{\"@id\":\"https:\/\/www.bergdalahyttan.se\/en\/produkt\/filbunke-paket-6-st-10-rabatt\/#primaryimage\"},\"thumbnailUrl\":\"https:\/\/www.bergdalahyttan.se\/wp-content\/uploads\/2023\/11\/43-1-av-4.jpg\",\"datePublished\":\"2023-11-06T14:54:02+00:00\",\"dateModified\":\"2026-03-21T10:54:26+00:00\",\"breadcrumb\":{\"@id\":\"https:\/\/www.bergdalahyttan.se\/en\/produkt\/filbunke-paket-6-st-10-rabatt\/#breadcrumb\"},\"inLanguage\":\"en-US\",\"potentialAction\":[{\"@type\":\"ReadAction\",\"target\":[\"https:\/\/www.bergdalahyttan.se\/en\/produkt\/filbunke-paket-6-st-10-rabatt\/\"]}]},{\"@type\":\"ImageObject\",\"inLanguage\":\"en-US\",\"@id\":\"https:\/\/www.bergdalahyttan.se\/en\/produkt\/filbunke-paket-6-st-10-rabatt\/#primaryimage\",\"url\":\"https:\/\/www.bergdalahyttan.se\/wp-content\/uploads\/2023\/11\/43-1-av-4.jpg\",\"contentUrl\":\"https:\/\/www.bergdalahyttan.se\/wp-content\/uploads\/2023\/11\/43-1-av-4.jpg\",\"width\":2560,\"height\":2560},{\"@type\":\"BreadcrumbList\",\"@id\":\"https:\/\/www.bergdalahyttan.se\/en\/produkt\/filbunke-paket-6-st-10-rabatt\/#breadcrumb\",\"itemListElement\":[{\"@type\":\"ListItem\",\"position\":1,\"name\":\"Home\",\"item\":\"https:\/\/www.bergdalahyttan.se\/en\/\"},{\"@type\":\"ListItem\",\"position\":2,\"name\":\"Shop\",\"item\":\"https:\/\/www.bergdalahyttan.se\/en\/shop\/\"},{\"@type\":\"ListItem\",\"position\":3,\"name\":\"Filbunke paket 6 st. 10% rabatt\"}]},{\"@type\":\"WebSite\",\"@id\":\"https:\/\/www.bergdalahyttan.se\/en\/#website\",\"url\":\"https:\/\/www.bergdalahyttan.se\/en\/\",\"name\":\"Bergdalahyttan\",\"description\":\"Used with blue border!\",\"potentialAction\":[{\"@type\":\"SearchAction\",\"target\":{\"@type\":\"EntryPoint\",\"urlTemplate\":\"https:\/\/www.bergdalahyttan.se\/en\/?s={search_term_string}\"},\"query-input\":{\"@type\":\"PropertyValueSpecification\",\"valueRequired\":true,\"valueName\":\"search_term_string\"}}],\"inLanguage\":\"en-US\"}]}<\/script>\n<!-- \/ Yoast SEO plugin. -->","yoast_head_json":{"title":"Filbunke paket 6 st. 10% rabatt - Bergdalahyttan","robots":{"index":"index","follow":"follow","max-snippet":"max-snippet:-1","max-image-preview":"max-image-preview:large","max-video-preview":"max-video-preview:-1"},"canonical":"https:\/\/www.bergdalahyttan.se\/en\/produkt\/filbunke-paket-6-st-10-rabatt\/","og_locale":"en_US","og_type":"article","og_title":"Filbunke paket 6 st. 10% rabatt - Bergdalahyttan","og_description":"Handgjort Glas Filbunke H\u00f6jd: ca 7 cm \u00d8 ca 15 cm Bl\u00e5 Kant P\u00e5 Bergdalahyttan tillverkas den folkk\u00e4ra klassikern Bl\u00e5 Kant som funnits med under brukets alla tider. Sm\u00e5 bl\u00e5sor uppst\u00e5r alltid i tillverkningen av den bl\u00e5a kanten eftersom det bildas luftfickor n\u00e4r den bl\u00e5a kanten l\u00e4ggs p\u00e5. F\u00f6rr sades det att den bl\u00e5 kanten skulle f\u00f6rhindra n\u00e4rg\u00e5ende flugor fr\u00e5n sk\u00e5lar, fat och kannor.","og_url":"https:\/\/www.bergdalahyttan.se\/en\/produkt\/filbunke-paket-6-st-10-rabatt\/","og_site_name":"Bergdalahyttan","article_modified_time":"2026-03-21T10:54:26+00:00","og_image":[{"width":2560,"height":2560,"url":"https:\/\/www.bergdalahyttan.se\/wp-content\/uploads\/2023\/11\/43-1-av-4.jpg","type":"image\/jpeg"}],"twitter_card":"summary_large_image","twitter_misc":{"Est. reading time":"1 minute"},"schema":{"@context":"https:\/\/schema.org","@graph":[{"@type":"WebPage","@id":"https:\/\/www.bergdalahyttan.se\/en\/produkt\/filbunke-paket-6-st-10-rabatt\/","url":"https:\/\/www.bergdalahyttan.se\/en\/produkt\/filbunke-paket-6-st-10-rabatt\/","name":"Filbunke paket 6 st. 10% rabatt - Bergdalahyttan","isPartOf":{"@id":"https:\/\/www.bergdalahyttan.se\/en\/#website"},"primaryImageOfPage":{"@id":"https:\/\/www.bergdalahyttan.se\/en\/produkt\/filbunke-paket-6-st-10-rabatt\/#primaryimage"},"image":{"@id":"https:\/\/www.bergdalahyttan.se\/en\/produkt\/filbunke-paket-6-st-10-rabatt\/#primaryimage"},"thumbnailUrl":"https:\/\/www.bergdalahyttan.se\/wp-content\/uploads\/2023\/11\/43-1-av-4.jpg","datePublished":"2023-11-06T14:54:02+00:00","dateModified":"2026-03-21T10:54:26+00:00","breadcrumb":{"@id":"https:\/\/www.bergdalahyttan.se\/en\/produkt\/filbunke-paket-6-st-10-rabatt\/#breadcrumb"},"inLanguage":"en-US","potentialAction":[{"@type":"ReadAction","target":["https:\/\/www.bergdalahyttan.se\/en\/produkt\/filbunke-paket-6-st-10-rabatt\/"]}]},{"@type":"ImageObject","inLanguage":"en-US","@id":"https:\/\/www.bergdalahyttan.se\/en\/produkt\/filbunke-paket-6-st-10-rabatt\/#primaryimage","url":"https:\/\/www.bergdalahyttan.se\/wp-content\/uploads\/2023\/11\/43-1-av-4.jpg","contentUrl":"https:\/\/www.bergdalahyttan.se\/wp-content\/uploads\/2023\/11\/43-1-av-4.jpg","width":2560,"height":2560},{"@type":"BreadcrumbList","@id":"https:\/\/www.bergdalahyttan.se\/en\/produkt\/filbunke-paket-6-st-10-rabatt\/#breadcrumb","itemListElement":[{"@type":"ListItem","position":1,"name":"Home","item":"https:\/\/www.bergdalahyttan.se\/en\/"},{"@type":"ListItem","position":2,"name":"Shop","item":"https:\/\/www.bergdalahyttan.se\/en\/shop\/"},{"@type":"ListItem","position":3,"name":"Filbunke paket 6 st. 10% rabatt"}]},{"@type":"WebSite","@id":"https:\/\/www.bergdalahyttan.se\/en\/#website","url":"https:\/\/www.bergdalahyttan.se\/en\/","name":"Bergdalahyttan","description":"Used with blue border!","potentialAction":[{"@type":"SearchAction","target":{"@type":"EntryPoint","urlTemplate":"https:\/\/www.bergdalahyttan.se\/en\/?s={search_term_string}"},"query-input":{"@type":"PropertyValueSpecification","valueRequired":true,"valueName":"search_term_string"}}],"inLanguage":"en-US"}]}},"_links":{"self":[{"href":"https:\/\/www.bergdalahyttan.se\/en\/wp-json\/wp\/v2\/product\/204","targetHints":{"allow":["GET"]}}],"collection":[{"href":"https:\/\/www.bergdalahyttan.se\/en\/wp-json\/wp\/v2\/product"}],"about":[{"href":"https:\/\/www.bergdalahyttan.se\/en\/wp-json\/wp\/v2\/types\/product"}],"replies":[{"embeddable":true,"href":"https:\/\/www.bergdalahyttan.se\/en\/wp-json\/wp\/v2\/comments?post=204"}],"wp:featuredmedia":[{"embeddable":true,"href":"https:\/\/www.bergdalahyttan.se\/en\/wp-json\/wp\/v2\/media\/4672"}],"wp:attachment":[{"href":"https:\/\/www.bergdalahyttan.se\/en\/wp-json\/wp\/v2\/media?parent=204"}],"wp:term":[{"taxonomy":"product_brand","embeddable":true,"href":"https:\/\/www.bergdalahyttan.se\/en\/wp-json\/wp\/v2\/product_brand?post=204"},{"taxonomy":"product_cat","embeddable":true,"href":"https:\/\/www.bergdalahyttan.se\/en\/wp-json\/wp\/v2\/product_cat?post=204"},{"taxonomy":"product_tag","embeddable":true,"href":"https:\/\/www.bergdalahyttan.se\/en\/wp-json\/wp\/v2\/product_tag?post=204"}],"curies":[{"name":"wp","href":"https:\/\/api.w.org\/{rel}","templated":true}]}}