{"id":587,"date":"2023-11-10T14:44:41","date_gmt":"2023-11-10T13:44:41","guid":{"rendered":"https:\/\/www.bergdalahyttan.se\/?post_type=product&#038;p=587"},"modified":"2026-04-15T13:11:18","modified_gmt":"2026-04-15T11:11:18","slug":"salladsskal-stor-rak","status":"publish","type":"product","link":"https:\/\/www.bergdalahyttan.se\/en\/produkt\/salladsskal-stor-rak\/","title":{"rendered":"Salladssk\u00e5l stor rak"},"content":{"rendered":"<div role=\"tabpanel\" aria-labelledby=\"tab-title-description\">\n<h2>Handgjort Glas<\/h2>\n<\/div>\n<div id=\"tab-description\" class=\"woocommerce-Tabs-panel woocommerce-Tabs-panel--description panel entry-content wc-tab\" role=\"tabpanel\" aria-labelledby=\"tab-title-description\">Salladssk\u00e5l stor rak<br \/>\nH\u00f6jd: ca:10 cm<br \/>\n\u00d8 ca 25 cm<\/p>\n<div id=\"et-boc\">\n<div class=\"et-l\">\n<div class=\"et_pb_text et_pb_module et_pb_bg_layout_light et_pb_text_align_left et_pb_text_0\">\n<div class=\"et_pb_text_inner\">\n<h1>Bl\u00e5 Kant<\/h1>\n<p>P\u00e5 Bergdalahyttan tillverkas den folkk\u00e4ra klassikern Bl\u00e5 Kant som funnits med under brukets alla tider. Sm\u00e5 bl\u00e5sor uppst\u00e5r alltid i tillverkningen av den bl\u00e5a kanten eftersom det bildas luftfickor n\u00e4r den bl\u00e5a kanten l\u00e4ggs p\u00e5. F\u00f6rr sades det att den bl\u00e5 kanten skulle f\u00f6rhindra n\u00e4rg\u00e5ende flugor fr\u00e5n sk\u00e5lar, fat och kannor.<\/p>\n<\/div>\n<\/div>\n<\/div>\n<\/div>\n<\/div>\n","protected":false},"excerpt":{"rendered":"<h2>Handgjort Glas<\/h2>\n<p>H\u00f6jd: ca:10 cm<br \/>\n\u00d8 ca 25 cm<\/p>\n","protected":false},"featured_media":4326,"comment_status":"open","ping_status":"closed","template":"","meta":{"_et_pb_use_builder":"off","_et_pb_old_content":"<div id=\"tab-description\" class=\"woocommerce-Tabs-panel woocommerce-Tabs-panel--description panel entry-content wc-tab\" role=\"tabpanel\" aria-labelledby=\"tab-title-description\">\r\n<h2>Beskrivning<\/h2>\r\n<div id=\"et-boc\">\r\n<div class=\"et-l\">\r\n<div class=\"et_pb_text et_pb_module et_pb_bg_layout_light et_pb_text_align_left et_pb_text_0\">\r\n<div class=\"et_pb_text_inner\">\r\n\r\nKanna mellan rund 75 cl H\u00f6jd: ca:17 cm \u00d8 ca 11 cm 1:a sortering\r\n<h1>Bl\u00e5 Kant<\/h1>\r\nP\u00e5 Bergdalahyttan tillverkas den folkk\u00e4ra klassikern Bl\u00e5 Kant som funnits med under brukets alla tider. Sm\u00e5 bl\u00e5sor uppst\u00e5r alltid i tillverkningen av den bl\u00e5a kanten eftersom det bildas luftfickor n\u00e4r den bl\u00e5a kanten l\u00e4ggs p\u00e5. F\u00f6rr sades det att den bl\u00e5 kanten skulle f\u00f6rhindra n\u00e4rg\u00e5ende flugor fr\u00e5n sk\u00e5lar, fat och kannor.\r\n\r\n<\/div>\r\n<\/div>\r\n<\/div>\r\n<\/div>\r\n<\/div>","_et_gb_content_width":""},"product_brand":[],"product_cat":[53,17],"product_tag":[66,25,54],"class_list":{"0":"post-587","1":"product","2":"type-product","3":"status-publish","4":"has-post-thumbnail","6":"product_cat-skalar","7":"product_cat-bla-kant","8":"product_tag-bla-kant","9":"product_tag-salladsskal","10":"product_tag-skalar","12":"first","13":"outofstock","14":"shipping-taxable","15":"purchasable","16":"product-type-simple"},"yoast_head":"<!-- This site is optimized with the Yoast SEO plugin v27.0 - https:\/\/yoast.com\/product\/yoast-seo-wordpress\/ -->\n<title>Salladssk\u00e5l stor rak - Bergdalahyttan<\/title>\n<meta name=\"robots\" content=\"index, follow, max-snippet:-1, max-image-preview:large, max-video-preview:-1\" \/>\n<link rel=\"canonical\" href=\"https:\/\/www.bergdalahyttan.se\/en\/produkt\/salladsskal-stor-rak\/\" \/>\n<meta property=\"og:locale\" content=\"en_US\" \/>\n<meta property=\"og:type\" content=\"article\" \/>\n<meta property=\"og:title\" content=\"Salladssk\u00e5l stor rak - Bergdalahyttan\" \/>\n<meta property=\"og:description\" content=\"Handgjort Glas H\u00f6jd: ca:10 cm \u00d8 ca 25 cm\" \/>\n<meta property=\"og:url\" content=\"https:\/\/www.bergdalahyttan.se\/en\/produkt\/salladsskal-stor-rak\/\" \/>\n<meta property=\"og:site_name\" content=\"Bergdalahyttan\" \/>\n<meta property=\"article:modified_time\" content=\"2026-04-15T11:11:18+00:00\" \/>\n<meta property=\"og:image\" content=\"https:\/\/www.bergdalahyttan.se\/wp-content\/uploads\/2025\/02\/Salladsskal-stor-rak.jpg\" \/>\n\t<meta property=\"og:image:width\" content=\"2560\" \/>\n\t<meta property=\"og:image:height\" content=\"1753\" \/>\n\t<meta property=\"og:image:type\" content=\"image\/jpeg\" \/>\n<meta name=\"twitter:card\" content=\"summary_large_image\" \/>\n<meta name=\"twitter:label1\" content=\"Est. reading time\" \/>\n\t<meta name=\"twitter:data1\" content=\"1 minute\" \/>\n<script type=\"application\/ld+json\" class=\"yoast-schema-graph\">{\"@context\":\"https:\/\/schema.org\",\"@graph\":[{\"@type\":\"WebPage\",\"@id\":\"https:\/\/www.bergdalahyttan.se\/en\/produkt\/salladsskal-stor-rak\/\",\"url\":\"https:\/\/www.bergdalahyttan.se\/en\/produkt\/salladsskal-stor-rak\/\",\"name\":\"Salladssk\u00e5l stor rak - Bergdalahyttan\",\"isPartOf\":{\"@id\":\"https:\/\/www.bergdalahyttan.se\/en\/#website\"},\"primaryImageOfPage\":{\"@id\":\"https:\/\/www.bergdalahyttan.se\/en\/produkt\/salladsskal-stor-rak\/#primaryimage\"},\"image\":{\"@id\":\"https:\/\/www.bergdalahyttan.se\/en\/produkt\/salladsskal-stor-rak\/#primaryimage\"},\"thumbnailUrl\":\"https:\/\/www.bergdalahyttan.se\/wp-content\/uploads\/2025\/02\/Salladsskal-stor-rak.jpg\",\"datePublished\":\"2023-11-10T13:44:41+00:00\",\"dateModified\":\"2026-04-15T11:11:18+00:00\",\"breadcrumb\":{\"@id\":\"https:\/\/www.bergdalahyttan.se\/en\/produkt\/salladsskal-stor-rak\/#breadcrumb\"},\"inLanguage\":\"en-US\",\"potentialAction\":[{\"@type\":\"ReadAction\",\"target\":[\"https:\/\/www.bergdalahyttan.se\/en\/produkt\/salladsskal-stor-rak\/\"]}]},{\"@type\":\"ImageObject\",\"inLanguage\":\"en-US\",\"@id\":\"https:\/\/www.bergdalahyttan.se\/en\/produkt\/salladsskal-stor-rak\/#primaryimage\",\"url\":\"https:\/\/www.bergdalahyttan.se\/wp-content\/uploads\/2025\/02\/Salladsskal-stor-rak.jpg\",\"contentUrl\":\"https:\/\/www.bergdalahyttan.se\/wp-content\/uploads\/2025\/02\/Salladsskal-stor-rak.jpg\",\"width\":2560,\"height\":1753},{\"@type\":\"BreadcrumbList\",\"@id\":\"https:\/\/www.bergdalahyttan.se\/en\/produkt\/salladsskal-stor-rak\/#breadcrumb\",\"itemListElement\":[{\"@type\":\"ListItem\",\"position\":1,\"name\":\"Home\",\"item\":\"https:\/\/www.bergdalahyttan.se\/en\/\"},{\"@type\":\"ListItem\",\"position\":2,\"name\":\"Shop\",\"item\":\"https:\/\/www.bergdalahyttan.se\/en\/shop\/\"},{\"@type\":\"ListItem\",\"position\":3,\"name\":\"Salladssk\u00e5l stor rak\"}]},{\"@type\":\"WebSite\",\"@id\":\"https:\/\/www.bergdalahyttan.se\/en\/#website\",\"url\":\"https:\/\/www.bergdalahyttan.se\/en\/\",\"name\":\"Bergdalahyttan\",\"description\":\"Used with blue border!\",\"potentialAction\":[{\"@type\":\"SearchAction\",\"target\":{\"@type\":\"EntryPoint\",\"urlTemplate\":\"https:\/\/www.bergdalahyttan.se\/en\/?s={search_term_string}\"},\"query-input\":{\"@type\":\"PropertyValueSpecification\",\"valueRequired\":true,\"valueName\":\"search_term_string\"}}],\"inLanguage\":\"en-US\"}]}<\/script>\n<!-- \/ Yoast SEO plugin. -->","yoast_head_json":{"title":"Salladssk\u00e5l stor rak - Bergdalahyttan","robots":{"index":"index","follow":"follow","max-snippet":"max-snippet:-1","max-image-preview":"max-image-preview:large","max-video-preview":"max-video-preview:-1"},"canonical":"https:\/\/www.bergdalahyttan.se\/en\/produkt\/salladsskal-stor-rak\/","og_locale":"en_US","og_type":"article","og_title":"Salladssk\u00e5l stor rak - Bergdalahyttan","og_description":"Handgjort Glas H\u00f6jd: ca:10 cm \u00d8 ca 25 cm","og_url":"https:\/\/www.bergdalahyttan.se\/en\/produkt\/salladsskal-stor-rak\/","og_site_name":"Bergdalahyttan","article_modified_time":"2026-04-15T11:11:18+00:00","og_image":[{"width":2560,"height":1753,"url":"https:\/\/www.bergdalahyttan.se\/wp-content\/uploads\/2025\/02\/Salladsskal-stor-rak.jpg","type":"image\/jpeg"}],"twitter_card":"summary_large_image","twitter_misc":{"Est. reading time":"1 minute"},"schema":{"@context":"https:\/\/schema.org","@graph":[{"@type":"WebPage","@id":"https:\/\/www.bergdalahyttan.se\/en\/produkt\/salladsskal-stor-rak\/","url":"https:\/\/www.bergdalahyttan.se\/en\/produkt\/salladsskal-stor-rak\/","name":"Salladssk\u00e5l stor rak - Bergdalahyttan","isPartOf":{"@id":"https:\/\/www.bergdalahyttan.se\/en\/#website"},"primaryImageOfPage":{"@id":"https:\/\/www.bergdalahyttan.se\/en\/produkt\/salladsskal-stor-rak\/#primaryimage"},"image":{"@id":"https:\/\/www.bergdalahyttan.se\/en\/produkt\/salladsskal-stor-rak\/#primaryimage"},"thumbnailUrl":"https:\/\/www.bergdalahyttan.se\/wp-content\/uploads\/2025\/02\/Salladsskal-stor-rak.jpg","datePublished":"2023-11-10T13:44:41+00:00","dateModified":"2026-04-15T11:11:18+00:00","breadcrumb":{"@id":"https:\/\/www.bergdalahyttan.se\/en\/produkt\/salladsskal-stor-rak\/#breadcrumb"},"inLanguage":"en-US","potentialAction":[{"@type":"ReadAction","target":["https:\/\/www.bergdalahyttan.se\/en\/produkt\/salladsskal-stor-rak\/"]}]},{"@type":"ImageObject","inLanguage":"en-US","@id":"https:\/\/www.bergdalahyttan.se\/en\/produkt\/salladsskal-stor-rak\/#primaryimage","url":"https:\/\/www.bergdalahyttan.se\/wp-content\/uploads\/2025\/02\/Salladsskal-stor-rak.jpg","contentUrl":"https:\/\/www.bergdalahyttan.se\/wp-content\/uploads\/2025\/02\/Salladsskal-stor-rak.jpg","width":2560,"height":1753},{"@type":"BreadcrumbList","@id":"https:\/\/www.bergdalahyttan.se\/en\/produkt\/salladsskal-stor-rak\/#breadcrumb","itemListElement":[{"@type":"ListItem","position":1,"name":"Home","item":"https:\/\/www.bergdalahyttan.se\/en\/"},{"@type":"ListItem","position":2,"name":"Shop","item":"https:\/\/www.bergdalahyttan.se\/en\/shop\/"},{"@type":"ListItem","position":3,"name":"Salladssk\u00e5l stor rak"}]},{"@type":"WebSite","@id":"https:\/\/www.bergdalahyttan.se\/en\/#website","url":"https:\/\/www.bergdalahyttan.se\/en\/","name":"Bergdalahyttan","description":"Used with blue border!","potentialAction":[{"@type":"SearchAction","target":{"@type":"EntryPoint","urlTemplate":"https:\/\/www.bergdalahyttan.se\/en\/?s={search_term_string}"},"query-input":{"@type":"PropertyValueSpecification","valueRequired":true,"valueName":"search_term_string"}}],"inLanguage":"en-US"}]}},"_links":{"self":[{"href":"https:\/\/www.bergdalahyttan.se\/en\/wp-json\/wp\/v2\/product\/587","targetHints":{"allow":["GET"]}}],"collection":[{"href":"https:\/\/www.bergdalahyttan.se\/en\/wp-json\/wp\/v2\/product"}],"about":[{"href":"https:\/\/www.bergdalahyttan.se\/en\/wp-json\/wp\/v2\/types\/product"}],"replies":[{"embeddable":true,"href":"https:\/\/www.bergdalahyttan.se\/en\/wp-json\/wp\/v2\/comments?post=587"}],"wp:featuredmedia":[{"embeddable":true,"href":"https:\/\/www.bergdalahyttan.se\/en\/wp-json\/wp\/v2\/media\/4326"}],"wp:attachment":[{"href":"https:\/\/www.bergdalahyttan.se\/en\/wp-json\/wp\/v2\/media?parent=587"}],"wp:term":[{"taxonomy":"product_brand","embeddable":true,"href":"https:\/\/www.bergdalahyttan.se\/en\/wp-json\/wp\/v2\/product_brand?post=587"},{"taxonomy":"product_cat","embeddable":true,"href":"https:\/\/www.bergdalahyttan.se\/en\/wp-json\/wp\/v2\/product_cat?post=587"},{"taxonomy":"product_tag","embeddable":true,"href":"https:\/\/www.bergdalahyttan.se\/en\/wp-json\/wp\/v2\/product_tag?post=587"}],"curies":[{"name":"wp","href":"https:\/\/api.w.org\/{rel}","templated":true}]}}