{"id":899,"date":"2023-12-06T14:45:48","date_gmt":"2023-12-06T13:45:48","guid":{"rendered":"https:\/\/www.bergdalahyttan.se\/?post_type=product&#038;p=899"},"modified":"2025-02-12T14:34:11","modified_gmt":"2025-02-12T13:34:11","slug":"bubbles-vas-rosa","status":"publish","type":"product","link":"https:\/\/www.bergdalahyttan.se\/en\/produkt\/bubbles-vas-rosa\/","title":{"rendered":"Bubble vas rosa"},"content":{"rendered":"<p class=\"p1\">Bubble vas r\u00f6d<\/p>\n<p class=\"p1\">H\u00f6jd: ca 12,5 cm<br \/>\n\u00d8 ca 7 cm , \u00f6ppning 3 cm<\/p>\n<p>Design: Bergdalahyttan<\/p>\n","protected":false},"excerpt":{"rendered":"<p class=\"p1\">H\u00f6jd: ca 12,5 cm<br \/>\n\u00d8 ca 7 cm , \u00f6ppning 3 cm<\/p>\n<p>Design: Bergdalahyttan<\/p>\n","protected":false},"featured_media":4356,"comment_status":"closed","ping_status":"closed","template":"","meta":{"_et_pb_use_builder":"","_et_pb_old_content":"","_et_gb_content_width":""},"product_brand":[],"product_cat":[33],"product_tag":[34],"class_list":{"0":"post-899","1":"product","2":"type-product","3":"status-publish","4":"has-post-thumbnail","6":"product_cat-vaser","7":"product_tag-vaser","9":"first","10":"instock","11":"shipping-taxable","12":"purchasable","13":"product-type-simple"},"yoast_head":"<!-- This site is optimized with the Yoast SEO plugin v27.0 - https:\/\/yoast.com\/product\/yoast-seo-wordpress\/ -->\n<title>Bubble vas rosa - Bergdalahyttan<\/title>\n<meta name=\"robots\" content=\"index, follow, max-snippet:-1, max-image-preview:large, max-video-preview:-1\" \/>\n<link rel=\"canonical\" href=\"https:\/\/www.bergdalahyttan.se\/en\/produkt\/bubbles-vas-rosa\/\" \/>\n<meta property=\"og:locale\" content=\"en_US\" \/>\n<meta property=\"og:type\" content=\"article\" \/>\n<meta property=\"og:title\" content=\"Bubble vas rosa - Bergdalahyttan\" \/>\n<meta property=\"og:description\" content=\"H\u00f6jd: ca 12,5 cm \u00d8 ca 7 cm , \u00f6ppning 3 cm Design: Bergdalahyttan\" \/>\n<meta property=\"og:url\" content=\"https:\/\/www.bergdalahyttan.se\/en\/produkt\/bubbles-vas-rosa\/\" \/>\n<meta property=\"og:site_name\" content=\"Bergdalahyttan\" \/>\n<meta property=\"article:modified_time\" content=\"2025-02-12T13:34:11+00:00\" \/>\n<meta property=\"og:image\" content=\"https:\/\/www.bergdalahyttan.se\/wp-content\/uploads\/2025\/02\/Bubbles-vas-rosa.jpg\" \/>\n\t<meta property=\"og:image:width\" content=\"1101\" \/>\n\t<meta property=\"og:image:height\" content=\"1334\" \/>\n\t<meta property=\"og:image:type\" content=\"image\/jpeg\" \/>\n<meta name=\"twitter:card\" content=\"summary_large_image\" \/>\n<meta name=\"twitter:label1\" content=\"Est. reading time\" \/>\n\t<meta name=\"twitter:data1\" content=\"1 minute\" \/>\n<script type=\"application\/ld+json\" class=\"yoast-schema-graph\">{\"@context\":\"https:\/\/schema.org\",\"@graph\":[{\"@type\":\"WebPage\",\"@id\":\"https:\/\/www.bergdalahyttan.se\/en\/produkt\/bubbles-vas-rosa\/\",\"url\":\"https:\/\/www.bergdalahyttan.se\/en\/produkt\/bubbles-vas-rosa\/\",\"name\":\"Bubble vas rosa - Bergdalahyttan\",\"isPartOf\":{\"@id\":\"https:\/\/www.bergdalahyttan.se\/en\/#website\"},\"primaryImageOfPage\":{\"@id\":\"https:\/\/www.bergdalahyttan.se\/en\/produkt\/bubbles-vas-rosa\/#primaryimage\"},\"image\":{\"@id\":\"https:\/\/www.bergdalahyttan.se\/en\/produkt\/bubbles-vas-rosa\/#primaryimage\"},\"thumbnailUrl\":\"https:\/\/www.bergdalahyttan.se\/wp-content\/uploads\/2025\/02\/Bubbles-vas-rosa.jpg\",\"datePublished\":\"2023-12-06T13:45:48+00:00\",\"dateModified\":\"2025-02-12T13:34:11+00:00\",\"breadcrumb\":{\"@id\":\"https:\/\/www.bergdalahyttan.se\/en\/produkt\/bubbles-vas-rosa\/#breadcrumb\"},\"inLanguage\":\"en-US\",\"potentialAction\":[{\"@type\":\"ReadAction\",\"target\":[\"https:\/\/www.bergdalahyttan.se\/en\/produkt\/bubbles-vas-rosa\/\"]}]},{\"@type\":\"ImageObject\",\"inLanguage\":\"en-US\",\"@id\":\"https:\/\/www.bergdalahyttan.se\/en\/produkt\/bubbles-vas-rosa\/#primaryimage\",\"url\":\"https:\/\/www.bergdalahyttan.se\/wp-content\/uploads\/2025\/02\/Bubbles-vas-rosa.jpg\",\"contentUrl\":\"https:\/\/www.bergdalahyttan.se\/wp-content\/uploads\/2025\/02\/Bubbles-vas-rosa.jpg\",\"width\":1101,\"height\":1334},{\"@type\":\"BreadcrumbList\",\"@id\":\"https:\/\/www.bergdalahyttan.se\/en\/produkt\/bubbles-vas-rosa\/#breadcrumb\",\"itemListElement\":[{\"@type\":\"ListItem\",\"position\":1,\"name\":\"Home\",\"item\":\"https:\/\/www.bergdalahyttan.se\/en\/\"},{\"@type\":\"ListItem\",\"position\":2,\"name\":\"Shop\",\"item\":\"https:\/\/www.bergdalahyttan.se\/en\/shop\/\"},{\"@type\":\"ListItem\",\"position\":3,\"name\":\"Bubble vas rosa\"}]},{\"@type\":\"WebSite\",\"@id\":\"https:\/\/www.bergdalahyttan.se\/en\/#website\",\"url\":\"https:\/\/www.bergdalahyttan.se\/en\/\",\"name\":\"Bergdalahyttan\",\"description\":\"Used with blue border!\",\"potentialAction\":[{\"@type\":\"SearchAction\",\"target\":{\"@type\":\"EntryPoint\",\"urlTemplate\":\"https:\/\/www.bergdalahyttan.se\/en\/?s={search_term_string}\"},\"query-input\":{\"@type\":\"PropertyValueSpecification\",\"valueRequired\":true,\"valueName\":\"search_term_string\"}}],\"inLanguage\":\"en-US\"}]}<\/script>\n<!-- \/ Yoast SEO plugin. -->","yoast_head_json":{"title":"Bubble vas rosa - Bergdalahyttan","robots":{"index":"index","follow":"follow","max-snippet":"max-snippet:-1","max-image-preview":"max-image-preview:large","max-video-preview":"max-video-preview:-1"},"canonical":"https:\/\/www.bergdalahyttan.se\/en\/produkt\/bubbles-vas-rosa\/","og_locale":"en_US","og_type":"article","og_title":"Bubble vas rosa - Bergdalahyttan","og_description":"H\u00f6jd: ca 12,5 cm \u00d8 ca 7 cm , \u00f6ppning 3 cm Design: Bergdalahyttan","og_url":"https:\/\/www.bergdalahyttan.se\/en\/produkt\/bubbles-vas-rosa\/","og_site_name":"Bergdalahyttan","article_modified_time":"2025-02-12T13:34:11+00:00","og_image":[{"width":1101,"height":1334,"url":"https:\/\/www.bergdalahyttan.se\/wp-content\/uploads\/2025\/02\/Bubbles-vas-rosa.jpg","type":"image\/jpeg"}],"twitter_card":"summary_large_image","twitter_misc":{"Est. reading time":"1 minute"},"schema":{"@context":"https:\/\/schema.org","@graph":[{"@type":"WebPage","@id":"https:\/\/www.bergdalahyttan.se\/en\/produkt\/bubbles-vas-rosa\/","url":"https:\/\/www.bergdalahyttan.se\/en\/produkt\/bubbles-vas-rosa\/","name":"Bubble vas rosa - Bergdalahyttan","isPartOf":{"@id":"https:\/\/www.bergdalahyttan.se\/en\/#website"},"primaryImageOfPage":{"@id":"https:\/\/www.bergdalahyttan.se\/en\/produkt\/bubbles-vas-rosa\/#primaryimage"},"image":{"@id":"https:\/\/www.bergdalahyttan.se\/en\/produkt\/bubbles-vas-rosa\/#primaryimage"},"thumbnailUrl":"https:\/\/www.bergdalahyttan.se\/wp-content\/uploads\/2025\/02\/Bubbles-vas-rosa.jpg","datePublished":"2023-12-06T13:45:48+00:00","dateModified":"2025-02-12T13:34:11+00:00","breadcrumb":{"@id":"https:\/\/www.bergdalahyttan.se\/en\/produkt\/bubbles-vas-rosa\/#breadcrumb"},"inLanguage":"en-US","potentialAction":[{"@type":"ReadAction","target":["https:\/\/www.bergdalahyttan.se\/en\/produkt\/bubbles-vas-rosa\/"]}]},{"@type":"ImageObject","inLanguage":"en-US","@id":"https:\/\/www.bergdalahyttan.se\/en\/produkt\/bubbles-vas-rosa\/#primaryimage","url":"https:\/\/www.bergdalahyttan.se\/wp-content\/uploads\/2025\/02\/Bubbles-vas-rosa.jpg","contentUrl":"https:\/\/www.bergdalahyttan.se\/wp-content\/uploads\/2025\/02\/Bubbles-vas-rosa.jpg","width":1101,"height":1334},{"@type":"BreadcrumbList","@id":"https:\/\/www.bergdalahyttan.se\/en\/produkt\/bubbles-vas-rosa\/#breadcrumb","itemListElement":[{"@type":"ListItem","position":1,"name":"Home","item":"https:\/\/www.bergdalahyttan.se\/en\/"},{"@type":"ListItem","position":2,"name":"Shop","item":"https:\/\/www.bergdalahyttan.se\/en\/shop\/"},{"@type":"ListItem","position":3,"name":"Bubble vas rosa"}]},{"@type":"WebSite","@id":"https:\/\/www.bergdalahyttan.se\/en\/#website","url":"https:\/\/www.bergdalahyttan.se\/en\/","name":"Bergdalahyttan","description":"Used with blue border!","potentialAction":[{"@type":"SearchAction","target":{"@type":"EntryPoint","urlTemplate":"https:\/\/www.bergdalahyttan.se\/en\/?s={search_term_string}"},"query-input":{"@type":"PropertyValueSpecification","valueRequired":true,"valueName":"search_term_string"}}],"inLanguage":"en-US"}]}},"_links":{"self":[{"href":"https:\/\/www.bergdalahyttan.se\/en\/wp-json\/wp\/v2\/product\/899","targetHints":{"allow":["GET"]}}],"collection":[{"href":"https:\/\/www.bergdalahyttan.se\/en\/wp-json\/wp\/v2\/product"}],"about":[{"href":"https:\/\/www.bergdalahyttan.se\/en\/wp-json\/wp\/v2\/types\/product"}],"replies":[{"embeddable":true,"href":"https:\/\/www.bergdalahyttan.se\/en\/wp-json\/wp\/v2\/comments?post=899"}],"wp:featuredmedia":[{"embeddable":true,"href":"https:\/\/www.bergdalahyttan.se\/en\/wp-json\/wp\/v2\/media\/4356"}],"wp:attachment":[{"href":"https:\/\/www.bergdalahyttan.se\/en\/wp-json\/wp\/v2\/media?parent=899"}],"wp:term":[{"taxonomy":"product_brand","embeddable":true,"href":"https:\/\/www.bergdalahyttan.se\/en\/wp-json\/wp\/v2\/product_brand?post=899"},{"taxonomy":"product_cat","embeddable":true,"href":"https:\/\/www.bergdalahyttan.se\/en\/wp-json\/wp\/v2\/product_cat?post=899"},{"taxonomy":"product_tag","embeddable":true,"href":"https:\/\/www.bergdalahyttan.se\/en\/wp-json\/wp\/v2\/product_tag?post=899"}],"curies":[{"name":"wp","href":"https:\/\/api.w.org\/{rel}","templated":true}]}}